{"id":2380,"date":"2017-09-26T14:25:44","date_gmt":"2017-09-26T14:25:44","guid":{"rendered":"http:\/\/lvmagniflex.oxygen-studio.com.ua\/?post_type=product&#038;p=2380"},"modified":"2018-03-22T13:53:37","modified_gmt":"2018-03-22T13:53:37","slug":"silk","status":"publish","type":"product","link":"http:\/\/magniflex.lt\/lt\/product\/silk\/","title":{"rendered":"SILK"},"content":{"rendered":"Kv\u0117puojantis, dr\u0117gmei atsparus apsauginis \u010diu\u017einio u\u017evalkalas su \u201eakvastop\u201c membrana. U\u017evalkalo vir\u0161us pagamintas i\u0161 100% Bio Dacron \"Velour\" med\u017eiagos, pasi\u017eymin\u010dios geromis kapiliarin\u0117mis savyb\u0117mis. Audinys malonus, mink\u0161tas ir \u0161velnus kaip \u0161ilkas, turi ger\u0173 termini\u0173 savybi\u0173. Elastin\u0117 \u201eakvastop\u201c membrana vandens pagrindu gerai praleid\u017eia or\u0105. Audinio sanitarinis apdorojimas u\u017etikrina apsaug\u0105 nuo mikrob\u0173 ir alergen\u0173. Rekomenduojama naudoti visiems \u010diu\u017eini\u0173 tipams, kuriuose naudojamas bespyruoklinis u\u017epildas, taip pat putos su atminties efektu. U\u017evalkalas tvirtinamas kont\u016brin\u0117 guma \u2013 ji u\u017etikrina patikim\u0105 gaminio tvirtinim\u0105 prie \u010diu\u017einio, jis neslysta ir nenusivelka.<\/p>\n<p>Gaminio vir\u0161us: 100% Bio Dacron \"Velour\"<\/p>\n<p>Tvirtinimas pritaikytas 190-200 cm \u010diu\u017einiui.<\/p>\n<p>Gaminio apa\u010dia: atspari dr\u0117gmei kv\u0117puojanti PU membrana vandens pagrindu<\/p>\n<p>Galima skalbti skalbimo ma\u0161inoje 60 laipsni\u0173 temperat\u016broje.<\/p>\n<p><table id=\"table_309287386\" width=\"100%\" class=\"zebra\"><thead><tr><th>Plotis<\/th><th>Ilgis<\/th><th>Viet\u0173 skai\u010dius<\/th><th>Kaina, EUR<\/th><\/tr>\r\n    <\/thead>\r\n    <tbody>\r\n\t\r\n\t<script type=\"text\/javascript\" charset=\"utf-8\">\r\n jQuery(document).ready(function() {\r\n    jQuery('#table_309287386').DataTable( {\"destroy\": true,\"bPaginate\": false,\"bLengthChange\": false,\"bFilter\": false,\"bSort\": true,\"bInfo\": false,\"bStateSave\": true,\"bAutoWidth\": true,\"sPaginationType\": \"full_numbers\",\"oLanguage\": {\r\n\t\t\t\"sLengthMenu\": \"Display _MENU_ records per page\",\r\n\t\t\t\"sZeroRecords\": \"Nothing found - sorry\",\r\n\t\t\t\"sInfo\": \"Showing _START_ to _END_ of _TOTAL_ records\",\r\n\t\t\t\"sInfoEmpty\": \"Showing 0 to 0 of 0 records\",\r\n                        \"sSearch\": \"Search: \",\r\n\t\t\t\"sInfoFiltered\": \"(filtered from _MAX_ total records)\"\r\n\t\t}} );\r\n});\r\n <\/script><tr><td>120<\/td><td>200<\/td><td>1<\/td><td>45<\/td><\/tr><tr><td>140<\/td><td>200<\/td><td>1<\/td><td>48<\/td><\/tr><tr><td>160<\/td><td>200<\/td><td>2<\/td><td>70<\/td><\/tr><tr><td>180<\/td><td>200<\/td><td>2<\/td><td>80<\/td><\/tr>\r\n    <\/tbody>\r\n<\/table>","protected":false},"excerpt":{"rendered":"<p>APSAUGINIS \u010cIU\u017dINIO U\u017dVALKALAS KAMASANA SILK su \u201eakvastop\u201cmembrana<\/p>\n","protected":false},"featured_media":2381,"comment_status":"closed","ping_status":"closed","template":"","meta":[],"_links":{"self":[{"href":"http:\/\/magniflex.lt\/lt\/wp-json\/wp\/v2\/product\/2380"}],"collection":[{"href":"http:\/\/magniflex.lt\/lt\/wp-json\/wp\/v2\/product"}],"about":[{"href":"http:\/\/magniflex.lt\/lt\/wp-json\/wp\/v2\/types\/product"}],"replies":[{"embeddable":true,"href":"http:\/\/magniflex.lt\/lt\/wp-json\/wp\/v2\/comments?post=2380"}],"wp:featuredmedia":[{"embeddable":true,"href":"http:\/\/magniflex.lt\/lt\/wp-json\/wp\/v2\/media\/2381"}],"wp:attachment":[{"href":"http:\/\/magniflex.lt\/lt\/wp-json\/wp\/v2\/media?parent=2380"}],"curies":[{"name":"wp","href":"https:\/\/api.w.org\/{rel}","templated":true}]}}