{"id":2375,"date":"2017-09-26T13:49:33","date_gmt":"2017-09-26T13:49:33","guid":{"rendered":"http:\/\/lvmagniflex.oxygen-studio.com.ua\/?post_type=product&#038;p=2375"},"modified":"2018-03-22T14:13:38","modified_gmt":"2018-03-22T14:13:38","slug":"riposo-3d-air","status":"publish","type":"product","link":"http:\/\/magniflex.lt\/lt\/product\/riposo-3d-air\/","title":{"rendered":"RIPOSO 3D AIR"},"content":{"rendered":"Dvipusis \u010diu\u017einys su dviem komforto lygiais. 2 cm Memoform anatomini\u0173 put\u0173 ir 1 cm Eliosoft put\u0173 u\u017etikrina vidutin\u012f komforto lyg\u012f, o pagrindinis blokas i\u0161 Elioform put\u0173 u\u017etikrina nepriekai\u0161ing\u0105 ortopedin\u012f palaikym\u0105. Stuburo pad\u0117tis taisyklinga, atsi\u017evelgiama \u012f visus fiziologinius i\u0161linkimus, bet be spaudimo i\u0161 \u010diu\u017einio pus\u0117s.<\/p>\n<p>\u0417D \u012fsiuvas, einanti per \u010diu\u017einio perimetr\u0105, padidina pagrindo laidum\u0105 orui ir ventiliacij\u0105.<\/p>\n<p>\u010ciu\u017einys idealiai tinka \u017emon\u0117ms, m\u0117gstantiems vidutini\u0161kai kiet\u0105 stuburo palaikym\u0105 su maloniu komforto poj\u016b\u010diu ir be nereikalingo mink\u0161tumo.<\/p>\n<p><table id=\"table_205439921\" width=\"100%\" class=\"display\"><thead><tr><th>Plotis<\/th><th>Ilgis<\/th><th>Kaina, EUR<\/th><\/tr>\r\n    <\/thead>\r\n    <tbody>\r\n\t\r\n\t<script type=\"text\/javascript\" charset=\"utf-8\">\r\n jQuery(document).ready(function() {\r\n    jQuery('#table_205439921').DataTable( {\"destroy\": true,\"bPaginate\": false,\"bLengthChange\": false,\"bFilter\": false,\"bSort\": true,\"bInfo\": false,\"bStateSave\": true,\"bAutoWidth\": true,\"sPaginationType\": \"full_numbers\",\"oLanguage\": {\r\n\t\t\t\"sLengthMenu\": \"Display _MENU_ records per page\",\r\n\t\t\t\"sZeroRecords\": \"Nothing found - sorry\",\r\n\t\t\t\"sInfo\": \"Showing _START_ to _END_ of _TOTAL_ records\",\r\n\t\t\t\"sInfoEmpty\": \"Showing 0 to 0 of 0 records\",\r\n                        \"sSearch\": \"Search: \",\r\n\t\t\t\"sInfoFiltered\": \"(filtered from _MAX_ total records)\"\r\n\t\t}} );\r\n});\r\n <\/script><tr><td>150<\/td><td>190<\/td><td>549<\/td><\/tr><tr><td>80<\/td><td>190<\/td><td>299<\/td><\/tr><tr><td>90<\/td><td>190<\/td><td>329<\/td><\/tr><tr><td>120<\/td><td>190<\/td><td>369<\/td><\/tr><tr><td>140<\/td><td>190<\/td><td>519<\/td><\/tr><tr><td>160<\/td><td>190<\/td><td>589<\/td><\/tr><tr><td>80<\/td><td>200<\/td><td>309<\/td><\/tr><tr><td>90<\/td><td>200<\/td><td>349<\/td><\/tr><tr><td>120<\/td><td>200<\/td><td>469<\/td><\/tr><tr><td>140<\/td><td>200<\/td><td>539<\/td><\/tr><tr><td>160<\/td><td>200<\/td><td>619<\/td><\/tr><tr><td>180<\/td><td>200<\/td><td>699<\/td><\/tr>\r\n    <\/tbody>\r\n<\/table>","protected":false},"excerpt":{"rendered":"<p>Dvipusis \u010diu\u017einys su dviem komforto lygiais. 2 cm Memoform anatomini\u0173 put\u0173 ir 1 cm Eliosoft put\u0173 u\u017etikrina vidutin\u012f komforto lyg\u012f, o pagrindinis blokas i\u0161 Elioform put\u0173 u\u017etikrina nepriekai\u0161ing\u0105 ortopedin\u012f palaikym\u0105. Stuburo pad\u0117tis taisyklinga, atsi\u017evelgiama \u012f visus fiziologinius i\u0161linkimus, bet be spaudimo i\u0161 \u010diu\u017einio pus\u0117s. \u0417D \u012fsiuvas, einanti per \u010diu\u017einio perimetr\u0105, padidina pagrindo laidum\u0105 orui ir ventiliacij\u0105. \u010ciu\u017einys idealiai tinka \u017emon\u0117ms,&nbsp;<a href=\"http:\/\/magniflex.lt\/lt\/product\/riposo-3d-air\/\" class=\"read-more\">Continue Reading<\/a><\/p>\n","protected":false},"featured_media":2376,"comment_status":"closed","ping_status":"closed","template":"","meta":[],"_links":{"self":[{"href":"http:\/\/magniflex.lt\/lt\/wp-json\/wp\/v2\/product\/2375"}],"collection":[{"href":"http:\/\/magniflex.lt\/lt\/wp-json\/wp\/v2\/product"}],"about":[{"href":"http:\/\/magniflex.lt\/lt\/wp-json\/wp\/v2\/types\/product"}],"replies":[{"embeddable":true,"href":"http:\/\/magniflex.lt\/lt\/wp-json\/wp\/v2\/comments?post=2375"}],"wp:featuredmedia":[{"embeddable":true,"href":"http:\/\/magniflex.lt\/lt\/wp-json\/wp\/v2\/media\/2376"}],"wp:attachment":[{"href":"http:\/\/magniflex.lt\/lt\/wp-json\/wp\/v2\/media?parent=2375"}],"curies":[{"name":"wp","href":"https:\/\/api.w.org\/{rel}","templated":true}]}}