{"id":2373,"date":"2017-09-26T13:40:03","date_gmt":"2017-09-26T13:40:03","guid":{"rendered":"http:\/\/lvmagniflex.oxygen-studio.com.ua\/?post_type=product&#038;p=2373"},"modified":"2018-03-22T14:16:08","modified_gmt":"2018-03-22T14:16:08","slug":"latvian-comfort-9","status":"publish","type":"product","link":"http:\/\/magniflex.lt\/lt\/product\/latvian-comfort-9\/","title":{"rendered":"COMFORT 9"},"content":{"rendered":"Komforti\u0161kas dvipusis \u010diu\u017einys \u2013 patobulinta DUOFORM modelio modifikacija. Vir\u0161utinis sluoksnis i\u0161 anatomini\u0173 Memoform put\u0173 u\u017etikrina tobul\u0105 anatomin\u012f efekt\u0105 ir komforti\u0161k\u0105 juosmens palaikym\u0105, o pagrindas \u2013 blokas i\u0161 ortopedini\u0173 Elioform put\u0173 u\u017etikrina optimal\u0173 ortopedin\u012f efekt\u0105.<\/p>\n<p>\u010ciu\u017einys m\u0117gstantiems komfort\u0105 be nereikalingo mink\u0161tumo.<\/p>\n<p>Kita \u010diu\u017einio pus\u0117 pakankamai standi ir u\u017etikrina vidutin\u012f komforto lyg\u012f su kietesne stuburo atrama.<\/p>\n<p>Termoreguliuojantis viskoz\u0117s ir poliesterio u\u017evalkalas yra ypa\u010d malonus liesti. \u0160i\u0173 dviej\u0173 med\u017eiag\u0173 kombinacija \u010diu\u017einio pavir\u0161iuje sukuria efektyvi\u0105 termoreguliacij\u0105.<\/p>\n<p>Vis\u0173 \u0161io modelio savybi\u0173 derinys sukuria prakti\u0161k\u0105 komforti\u0161ko miego ir poilsio sistem\u0105.<\/p>\n<p><table id=\"table_181727411\" width=\"100%\" class=\"zebra\"><thead><tr><th>Plotis<\/th><th>Ilgis<\/th><th>Kaina, EUR<\/th><\/tr>\r\n    <\/thead>\r\n    <tbody>\r\n\t\r\n\t<script type=\"text\/javascript\" charset=\"utf-8\">\r\n jQuery(document).ready(function() {\r\n    jQuery('#table_181727411').DataTable( {\"destroy\": true,\"bPaginate\": false,\"bLengthChange\": false,\"bFilter\": false,\"bSort\": true,\"bInfo\": false,\"bStateSave\": true,\"bAutoWidth\": true,\"sPaginationType\": \"full_numbers\",\"oLanguage\": {\r\n\t\t\t\"sLengthMenu\": \"Display _MENU_ records per page\",\r\n\t\t\t\"sZeroRecords\": \"Nothing found - sorry\",\r\n\t\t\t\"sInfo\": \"Showing _START_ to _END_ of _TOTAL_ records\",\r\n\t\t\t\"sInfoEmpty\": \"Showing 0 to 0 of 0 records\",\r\n                        \"sSearch\": \"Search: \",\r\n\t\t\t\"sInfoFiltered\": \"(filtered from _MAX_ total records)\"\r\n\t\t}} );\r\n});\r\n <\/script><tr><td>160<\/td><td>190<\/td><td>1439<\/td><\/tr><tr><td>160<\/td><td>200<\/td><td>1509<\/td><\/tr><tr><td>180<\/td><td>200<\/td><td>1699<\/td><\/tr>\r\n    <\/tbody>\r\n<\/table>","protected":false},"excerpt":{"rendered":"<p>Komforti\u0161kas dvipusis \u010diu\u017einys \u2013 patobulinta DUOFORM modelio modifikacija. Vir\u0161utinis sluoksnis i\u0161 anatomini\u0173 Memoform put\u0173 u\u017etikrina tobul\u0105 anatomin\u012f efekt\u0105 ir komforti\u0161k\u0105 juosmens palaikym\u0105, o pagrindas \u2013 blokas i\u0161 ortopedini\u0173 Elioform put\u0173 u\u017etikrina optimal\u0173 ortopedin\u012f efekt\u0105. \u010ciu\u017einys m\u0117gstantiems komfort\u0105 be nereikalingo mink\u0161tumo. Kita \u010diu\u017einio pus\u0117 pakankamai standi ir u\u017etikrina vidutin\u012f komforto lyg\u012f su kietesne stuburo atrama. Termoreguliuojantis viskoz\u0117s ir poliesterio u\u017evalkalas yra&nbsp;<a href=\"http:\/\/magniflex.lt\/lt\/product\/latvian-comfort-9\/\" class=\"read-more\">Continue Reading<\/a><\/p>\n","protected":false},"featured_media":2374,"comment_status":"closed","ping_status":"closed","template":"","meta":[],"_links":{"self":[{"href":"http:\/\/magniflex.lt\/lt\/wp-json\/wp\/v2\/product\/2373"}],"collection":[{"href":"http:\/\/magniflex.lt\/lt\/wp-json\/wp\/v2\/product"}],"about":[{"href":"http:\/\/magniflex.lt\/lt\/wp-json\/wp\/v2\/types\/product"}],"replies":[{"embeddable":true,"href":"http:\/\/magniflex.lt\/lt\/wp-json\/wp\/v2\/comments?post=2373"}],"wp:featuredmedia":[{"embeddable":true,"href":"http:\/\/magniflex.lt\/lt\/wp-json\/wp\/v2\/media\/2374"}],"wp:attachment":[{"href":"http:\/\/magniflex.lt\/lt\/wp-json\/wp\/v2\/media?parent=2373"}],"curies":[{"name":"wp","href":"https:\/\/api.w.org\/{rel}","templated":true}]}}