{"id":2265,"date":"2016-12-07T17:34:51","date_gmt":"2016-12-07T17:34:51","guid":{"rendered":"http:\/\/magniflex.lt\/?post_type=product&#038;p=2265"},"modified":"2019-03-21T15:06:42","modified_gmt":"2019-03-21T15:06:42","slug":"sanipur","status":"publish","type":"product","link":"http:\/\/magniflex.lt\/lt\/product\/sanipur\/","title":{"rendered":"SANIPUR"},"content":{"rendered":"\u010ciu\u017einio apsauga su efektu \u201e\u017eiema-vasara\u201c, kur \u017eiemos pus\u0117 - 100% medviln\u0117 \u201eMachra\u201c, o vasaros pus\u0117 \u2013 rermoreguliuojantis poliesteris. Standartin\u0117 apsauga nuo grybelio, erki\u0173 papildyta bioaktyviu impregnavimu Trevia Fill Bio Active, kuris maksimaliai apsaugo nuo alergijos pasirei\u0161kimo, u\u017ekerta keli\u0105 astmos pasirei\u0161kimui ir kvap\u0173 atsiradimui. Bioaktyvus impregnavimas nepraranda savo savybi\u0173 \u010diu\u017einio apsaugos skalbimo ir prie\u017ei\u016bros metu. Dygsniuota \u010diu\u017einio apsauga gali \u0161iek tiek padidinti \u010diu\u017einio komforto lyg\u012f.<\/p>\n<p>Sud\u0117tis: apsaugos vir\u0161us \u2013 100% medviln\u0117 \u201eMachra\u201c, 200 g\/m2<br \/>\nApsaugos apa\u010dia \u2013 termoreguliuojan\u010di\u0173 poliesteri\u0173 kombinacija, u\u017epildas, suglaudintas dideliu sl\u0117giu, apdorotas Trevira Fill Bio Active<\/p>\n<p><table id=\"table_28276988\" width=\"100%\" class=\"zebra\"><thead><tr><th>Plotis<\/th><th>Ilgis<\/th><th>Viet\u0173 skai\u010dius<\/th><th>Kaina, EUR<\/th><\/tr>\r\n    <\/thead>\r\n    <tbody>\r\n\t\r\n\t<script type=\"text\/javascript\" charset=\"utf-8\">\r\n jQuery(document).ready(function() {\r\n    jQuery('#table_28276988').DataTable( {\"destroy\": true,\"bPaginate\": false,\"bLengthChange\": false,\"bFilter\": false,\"bSort\": true,\"bInfo\": false,\"bStateSave\": true,\"bAutoWidth\": true,\"sPaginationType\": \"full_numbers\",\"oLanguage\": {\r\n\t\t\t\"sLengthMenu\": \"Display _MENU_ records per page\",\r\n\t\t\t\"sZeroRecords\": \"Nothing found - sorry\",\r\n\t\t\t\"sInfo\": \"Showing _START_ to _END_ of _TOTAL_ records\",\r\n\t\t\t\"sInfoEmpty\": \"Showing 0 to 0 of 0 records\",\r\n                        \"sSearch\": \"Search: \",\r\n\t\t\t\"sInfoFiltered\": \"(filtered from _MAX_ total records)\"\r\n\t\t}} );\r\n});\r\n <\/script><tr><td>90<\/td><td>200<\/td><td>1<\/td><td>35<\/td><\/tr><tr><td>120<\/td><td>200<\/td><td>1<\/td><td>44<\/td><\/tr><tr><td>140<\/td><td>200<\/td><td>1<\/td><td>51<\/td><\/tr><tr><td>160<\/td><td>200<\/td><td>2<\/td><td>55<\/td><\/tr><tr><td>180<\/td><td>200<\/td><td>2<\/td><td>63<\/td><\/tr>\r\n    <\/tbody>\r\n<\/table>","protected":false},"excerpt":{"rendered":"<p>Dygsniuota \u010diu\u017einio apsauga SANIPUR<\/p>\n","protected":false},"featured_media":2260,"comment_status":"closed","ping_status":"closed","template":"","meta":[],"_links":{"self":[{"href":"http:\/\/magniflex.lt\/lt\/wp-json\/wp\/v2\/product\/2265"}],"collection":[{"href":"http:\/\/magniflex.lt\/lt\/wp-json\/wp\/v2\/product"}],"about":[{"href":"http:\/\/magniflex.lt\/lt\/wp-json\/wp\/v2\/types\/product"}],"replies":[{"embeddable":true,"href":"http:\/\/magniflex.lt\/lt\/wp-json\/wp\/v2\/comments?post=2265"}],"wp:featuredmedia":[{"embeddable":true,"href":"http:\/\/magniflex.lt\/lt\/wp-json\/wp\/v2\/media\/2260"}],"wp:attachment":[{"href":"http:\/\/magniflex.lt\/lt\/wp-json\/wp\/v2\/media?parent=2265"}],"curies":[{"name":"wp","href":"https:\/\/api.w.org\/{rel}","templated":true}]}}