{"id":2264,"date":"2016-12-07T17:25:36","date_gmt":"2016-12-07T17:25:36","guid":{"rendered":"http:\/\/magniflex.lt\/?post_type=product&#038;p=2264"},"modified":"2018-03-22T13:55:28","modified_gmt":"2018-03-22T13:55:28","slug":"freshco-3d-pu","status":"publish","type":"product","link":"http:\/\/magniflex.lt\/lt\/product\/freshco-3d-pu\/","title":{"rendered":"FRESHCO 3D PU"},"content":{"rendered":"Dr\u0117gmei atspari \u010diu\u017einio apsauga su oro kameromis 3D+ membrana \u201eakvastop\u201c. Oro kamerose naudojam\u0173 med\u017eiag\u0173 kombinacija (medviln\u0117 + poliesteris) u\u017etikrina puik\u0173 pralaidum\u0105 orui ir jo paskirstym\u0105, tai leid\u017eia u\u017etikrinti komforti\u0161k\u0105 miego temperat\u016bros re\u017eim\u0105. Turin\u010dios ger\u0173 kapiliarini\u0173 savybi\u0173 oro kameros greitai sugeria ir i\u0161garina dr\u0117gm\u0119 nuo \u017emogaus k\u016bno. Oro kamer\u0173 vir\u0161utinis sluoksnis i\u0161 organin\u0117s medviln\u0117s su pavir\u0161iaus apdorojimu AIGIS (aktyvus gaivumas, apsauga nuo bakterij\u0173 ir kvap\u0173). \u010ciu\u017einio apsauga ne\u0161yla ir nekelia triuk\u0161mo. <\/p>\n<p>Sud\u0117tis: apsaugos vir\u0161us \u2013 40% organin\u0117 medviln\u0117 su gaivumu AIGIS + 60% poliesteris (oro kameros)<br \/>\nApsaugos apa\u010dia \u2013 poliesteris<\/p>\n<p><table id=\"table_267695516\" width=\"100%\" class=\"zebra\"><thead><tr><th>Plotis<\/th><th>Ilgis<\/th><th>Viet\u0173 skai\u010dius<\/th><th>Kaina, EUR<\/th><\/tr>\r\n    <\/thead>\r\n    <tbody>\r\n\t\r\n\t<script type=\"text\/javascript\" charset=\"utf-8\">\r\n jQuery(document).ready(function() {\r\n    jQuery('#table_267695516').DataTable( {\"destroy\": true,\"bPaginate\": false,\"bLengthChange\": false,\"bFilter\": false,\"bSort\": true,\"bInfo\": false,\"bStateSave\": true,\"bAutoWidth\": true,\"sPaginationType\": \"full_numbers\",\"oLanguage\": {\r\n\t\t\t\"sLengthMenu\": \"Display _MENU_ records per page\",\r\n\t\t\t\"sZeroRecords\": \"Nothing found - sorry\",\r\n\t\t\t\"sInfo\": \"Showing _START_ to _END_ of _TOTAL_ records\",\r\n\t\t\t\"sInfoEmpty\": \"Showing 0 to 0 of 0 records\",\r\n                        \"sSearch\": \"Search: \",\r\n\t\t\t\"sInfoFiltered\": \"(filtered from _MAX_ total records)\"\r\n\t\t}} );\r\n});\r\n <\/script><tr><td>140<\/td><td>200<\/td><td>1<\/td><td>78<\/td><\/tr><tr><td>160<\/td><td>200<\/td><td>2<\/td><td>88<\/td><\/tr><tr><td>180<\/td><td>200<\/td><td>2<\/td><td>100<\/td><\/tr>\r\n    <\/tbody>\r\n<\/table><\/p>","protected":false},"excerpt":{"rendered":"<p>Atspari dr\u0117gmei \u010diu\u017einio apsauga FRESHCO 3D PU<\/p>\n","protected":false},"featured_media":2259,"comment_status":"closed","ping_status":"closed","template":"","meta":[],"_links":{"self":[{"href":"http:\/\/magniflex.lt\/lt\/wp-json\/wp\/v2\/product\/2264"}],"collection":[{"href":"http:\/\/magniflex.lt\/lt\/wp-json\/wp\/v2\/product"}],"about":[{"href":"http:\/\/magniflex.lt\/lt\/wp-json\/wp\/v2\/types\/product"}],"replies":[{"embeddable":true,"href":"http:\/\/magniflex.lt\/lt\/wp-json\/wp\/v2\/comments?post=2264"}],"wp:featuredmedia":[{"embeddable":true,"href":"http:\/\/magniflex.lt\/lt\/wp-json\/wp\/v2\/media\/2259"}],"wp:attachment":[{"href":"http:\/\/magniflex.lt\/lt\/wp-json\/wp\/v2\/media?parent=2264"}],"curies":[{"name":"wp","href":"https:\/\/api.w.org\/{rel}","templated":true}]}}