{"id":2262,"date":"2016-12-07T17:11:15","date_gmt":"2016-12-07T17:11:15","guid":{"rendered":"http:\/\/magniflex.lt\/?post_type=product&#038;p=2262"},"modified":"2017-10-10T19:40:16","modified_gmt":"2017-10-10T19:40:16","slug":"kamasana-viscoelastic-70","status":"publish","type":"product","link":"http:\/\/magniflex.lt\/lt\/product\/kamasana-viscoelastic-70\/","title":{"rendered":"KAMASANA Viscoelastic 70"},"content":{"rendered":"Klasikin\u0117s formos pagalv\u0117 su ortopediniu ir anatominiu efektu. U\u017etikrina raumen\u0173 \u012ftampos \u0161alinim\u0105, kaklo slanksteli\u0173 pad\u0117tis nat\u016brali, be u\u017espaudim\u0173. <\/p>\n<p><strong>Kaina: 80\u00a0EUR<\/strong>","protected":false},"excerpt":{"rendered":"<p>Dydis: 70*40*h11<br \/>\nU\u017epildas: Viskoelastic PU<br \/>\nU\u017evalkalas: termoreguliuojantis audinys BIO<br \/>\nEksploatavimo terminas: 8 metai<\/p>\n","protected":false},"featured_media":2249,"comment_status":"closed","ping_status":"closed","template":"","meta":[],"_links":{"self":[{"href":"http:\/\/magniflex.lt\/lt\/wp-json\/wp\/v2\/product\/2262"}],"collection":[{"href":"http:\/\/magniflex.lt\/lt\/wp-json\/wp\/v2\/product"}],"about":[{"href":"http:\/\/magniflex.lt\/lt\/wp-json\/wp\/v2\/types\/product"}],"replies":[{"embeddable":true,"href":"http:\/\/magniflex.lt\/lt\/wp-json\/wp\/v2\/comments?post=2262"}],"wp:featuredmedia":[{"embeddable":true,"href":"http:\/\/magniflex.lt\/lt\/wp-json\/wp\/v2\/media\/2249"}],"wp:attachment":[{"href":"http:\/\/magniflex.lt\/lt\/wp-json\/wp\/v2\/media?parent=2262"}],"curies":[{"name":"wp","href":"https:\/\/api.w.org\/{rel}","templated":true}]}}