{"id":1958,"date":"2013-09-05T12:41:04","date_gmt":"2013-09-05T12:41:04","guid":{"rendered":"http:\/\/192.168.9.40\/_2014\/_04-April\/woocommerce_upd\/product\/product-15\/"},"modified":"2019-03-21T15:01:47","modified_gmt":"2019-03-21T15:01:47","slug":"memoform-std","status":"publish","type":"product","link":"http:\/\/magniflex.lt\/lt\/product\/memoform-std\/","title":{"rendered":"Pagalv\u0117 MEMOFORM Standart"},"content":{"rendered":"Klasikin\u0117s formos anatomin\u0117 pagalv\u0117 su pasyvia ergonomika stuburo kaklo skyriui. \u0160alina atvirk\u0161tin\u012f spaudim\u0105, u\u017etikrina laisv\u0105 kraujo ir limfos cirkuliacij\u0105 galvos pakau\u0161io ir smilkini\u0173 dalyje. Perforacija (angos), esanti pagalv\u0117s centrin\u0117je dalyje, u\u017etikrina didel\u012f pralaidum\u0105 orui ir greit\u0105 \u0161ilumos ir dr\u0117gm\u0117s i\u0161vedim\u0105.<\/p>\n<p><strong>Kaina: 140 EUR.<\/strong>","protected":false},"excerpt":{"rendered":"<p>Dydis: 72*42*h12<br \/>\nU\u017epildas: Memoform\u00ae<br \/>\nU\u017evalkalas: termoreguliuojantis audinys Coolmax\u00ae<br \/>\nEksploatacijos terminas 10 met\u0173<\/p>\n","protected":false},"featured_media":2253,"comment_status":"closed","ping_status":"closed","template":"","meta":[],"_links":{"self":[{"href":"http:\/\/magniflex.lt\/lt\/wp-json\/wp\/v2\/product\/1958"}],"collection":[{"href":"http:\/\/magniflex.lt\/lt\/wp-json\/wp\/v2\/product"}],"about":[{"href":"http:\/\/magniflex.lt\/lt\/wp-json\/wp\/v2\/types\/product"}],"replies":[{"embeddable":true,"href":"http:\/\/magniflex.lt\/lt\/wp-json\/wp\/v2\/comments?post=1958"}],"wp:featuredmedia":[{"embeddable":true,"href":"http:\/\/magniflex.lt\/lt\/wp-json\/wp\/v2\/media\/2253"}],"wp:attachment":[{"href":"http:\/\/magniflex.lt\/lt\/wp-json\/wp\/v2\/media?parent=1958"}],"curies":[{"name":"wp","href":"https:\/\/api.w.org\/{rel}","templated":true}]}}