{"id":1954,"date":"2013-09-05T12:40:17","date_gmt":"2013-09-05T12:40:17","guid":{"rendered":"http:\/\/192.168.9.40\/_2014\/_04-April\/woocommerce_upd\/product\/product-14\/"},"modified":"2018-03-22T14:19:52","modified_gmt":"2018-03-22T14:19:52","slug":"fresh-touch","status":"publish","type":"product","link":"http:\/\/magniflex.lt\/lt\/product\/fresh-touch\/","title":{"rendered":"FRESH TOUCH"},"content":{"rendered":"Premium klas\u0117s auk\u0161t\u0173 technologij\u0173 savaime modeliuojamas \u010diu\u017einys, adaptuotas pagal \u017emogaus k\u016bno fiziologinius i\u0161linkimus. Pagamintas i\u0161 inovacini\u0173 med\u017eiag\u0173 taikant \u201eWave\u201c technologij\u0105. U\u017etikrina vartotojui maksimal\u0173 komfort\u0105, auk\u0161t\u0105 anatomin\u012f ir ortopedin\u012f efekt\u0105, taip pat sukuria ideal\u0173 mikroklimat\u0105 miegui \u010diu\u017einio pavir\u0161iuje.<\/p>\n<p>\u010ciu\u017einio vidinis blokas, pagamintas taikant \u201eWave\u201c technologij\u0105, turi 7 ergonomines zonas.<\/p>\n<p>\u201eWave\u201c technologija suteikia \u010diu\u017einiui auk\u0161t\u0105 ergonomi\u0161kum\u0105, taip pat leid\u017eia maksimaliai patogiai \u012fsitaisyti k\u016bnui (nepriklausomai nuo \u016bgio ir svorio) miego metu. Memoform \u201eWave\u201c \u2013 u\u017etikrina did\u017eiausio spaudimo zonose maksimal\u0173 anatomin\u012f efekt\u0105. Med\u017eiagos Memoform didelis auk\u0161tis yra vietose, kuriose didesn\u0117 svorio apkrova (nugara, dubuo, blauzda). \u201eWave\u201c technologija leid\u017eia, kad gulin\u010dio \u017emogaus kojos b\u016bt\u0173 \u0161iek tiek pakeltos (nuo kelio s\u0105nario ir \u017eemiau), tai pagerina kraujotak\u0105, limfos apytak\u0105 ir padaro j\u016bs\u0173 mieg\u0105 itin patogiu. Ortopedin\u0117s putos ELIOFORM\u00ae ir ELIOSOFT\u00ae u\u017etikrina ideal\u0173 ortopedin\u012f j\u016bs\u0173 k\u016bno palaikym\u0105 atsi\u017evelgiant \u012f stuburo fiziologinius i\u0161linkimus.<\/p>\n<p>\u010ciu\u017einio auk\u0161tis - 21 cm<\/p>\n<p>U\u017evalkalas nuvelkamas: termoreguliuojantis audinys OUTLAST\u00ae<\/p>\n<ol>\n<li>Termoreguliuojanti hipoalergin\u0117 med\u017eiaga<\/li>\n<li>Anatomin\u0117s putos MEMOFORM\u00ae 2 cm (\u012fsi\u016btos \u012f u\u017evalkal\u0105)<\/li>\n<li>Anatomin\u0117s putos \u201ewave\u201c MEMOFORM\u00ae 3 \u2013 6 cm<\/li>\n<li>Ortopedin\u0117s putos \u201ewave\u201c ELIOFORM\u00ae 6 cm<\/li>\n<li>Ortopedin\u0117s putos \u201ewave\u201c ELIOSOFT\u00ae 6 cm<\/li>\n<\/ol>\n<p>Apkrova: iki 180 kg vienai miegojimo vietai<\/p>\n<p>Ypatumas: pragul\u0173 profilaktika<\/p>\n<p><table id=\"table_141921126\" width=\"100%\" class=\"zebra\"><thead><tr><th>Plotis<\/th><th>Ilgis<\/th><th>Kaina, EUR<\/th><\/tr>\r\n    <\/thead>\r\n    <tbody>\r\n\t\r\n\t<script type=\"text\/javascript\" charset=\"utf-8\">\r\n jQuery(document).ready(function() {\r\n    jQuery('#table_141921126').DataTable( {\"destroy\": true,\"bPaginate\": false,\"bLengthChange\": false,\"bFilter\": false,\"bSort\": true,\"bInfo\": false,\"bStateSave\": true,\"bAutoWidth\": true,\"sPaginationType\": \"full_numbers\",\"oLanguage\": {\r\n\t\t\t\"sLengthMenu\": \"Display _MENU_ records per page\",\r\n\t\t\t\"sZeroRecords\": \"Nothing found - sorry\",\r\n\t\t\t\"sInfo\": \"Showing _START_ to _END_ of _TOTAL_ records\",\r\n\t\t\t\"sInfoEmpty\": \"Showing 0 to 0 of 0 records\",\r\n                        \"sSearch\": \"Search: \",\r\n\t\t\t\"sInfoFiltered\": \"(filtered from _MAX_ total records)\"\r\n\t\t}} );\r\n});\r\n <\/script><tr><td>80<\/td><td>190<\/td><td>802<\/td><\/tr><tr><td>90<\/td><td>190<\/td><td>902<\/td><\/tr><tr><td>90<\/td><td>200<\/td><td>950<\/td><\/tr><tr><td>120<\/td><td>200<\/td><td>1266<\/td><\/tr><tr><td>140<\/td><td>200<\/td><td>1477<\/td><\/tr><tr><td>150<\/td><td>200<\/td><td>1583<\/td><\/tr><tr><td>170<\/td><td>200<\/td><td>1794<\/td><\/tr><tr><td>200<\/td><td>200<\/td><td>2110<\/td><\/tr><tr><td>200<\/td><td>210<\/td><td>2216<\/td><\/tr><tr><td>200<\/td><td>220<\/td><td>2321<\/td><\/tr>\r\n    <\/tbody>\r\n<\/table>","protected":false},"excerpt":{"rendered":"<p>Kosmin\u0117s technologijos j\u016bs\u0173 miegamajame<\/p>\n","protected":false},"featured_media":2245,"comment_status":"closed","ping_status":"closed","template":"","meta":[],"_links":{"self":[{"href":"http:\/\/magniflex.lt\/lt\/wp-json\/wp\/v2\/product\/1954"}],"collection":[{"href":"http:\/\/magniflex.lt\/lt\/wp-json\/wp\/v2\/product"}],"about":[{"href":"http:\/\/magniflex.lt\/lt\/wp-json\/wp\/v2\/types\/product"}],"replies":[{"embeddable":true,"href":"http:\/\/magniflex.lt\/lt\/wp-json\/wp\/v2\/comments?post=1954"}],"wp:featuredmedia":[{"embeddable":true,"href":"http:\/\/magniflex.lt\/lt\/wp-json\/wp\/v2\/media\/2245"}],"wp:attachment":[{"href":"http:\/\/magniflex.lt\/lt\/wp-json\/wp\/v2\/media?parent=1954"}],"curies":[{"name":"wp","href":"https:\/\/api.w.org\/{rel}","templated":true}]}}