{"id":1946,"date":"2013-09-05T12:38:51","date_gmt":"2013-09-05T12:38:51","guid":{"rendered":"http:\/\/192.168.9.40\/_2014\/_04-April\/woocommerce_upd\/product\/product-12\/"},"modified":"2018-03-22T14:21:36","modified_gmt":"2018-03-22T14:21:36","slug":"memorex-rest","status":"publish","type":"product","link":"http:\/\/magniflex.lt\/lt\/product\/memorex-rest\/","title":{"rendered":"MEMOREX REST"},"content":{"rendered":"<ul>\n<li>Anatomin\u0117s putos Memorex u\u017etikrina stuburo komforti\u0161k\u0105 palaikym\u0105 be spaudimo \u2013 labai svarbus rodiklis stuburo juosmens daliai.<\/li>\n<li>U\u017etikrina stuburo taisykling\u0105 pad\u0117t\u012f nepriklausomai nuo \u017emogaus svorio ir \u016bgio<\/li>\n<li>Ortopedinis efektas, derinamas su idealiu komfortu<\/li>\n<li>Auk\u0161tos eksploatavimo charakteristikos u\u017etikrina didel\u0119 svorio apkrov\u0105 miego vietai<\/li>\n<li>Padeda formuoti laikysen\u0105 ir koreguoti atramos-jud\u0117jimo aparat\u0105<\/li>\n<li>Ortopedin\u0117s putos Eliocell\u00ae \u2013 orui pralaid\u017eios putos su mikropor\u0173 strukt\u016bra.<\/li>\n<\/ul>\n<p>\u010ciu\u017einio auk\u0161tis - 17 cm<\/p>\n<p>Apkrova miego vietai \u2013 iki 120 kg<\/p>\n<p><strong>Sud\u0117tis<\/strong><\/p>\n<ol>\n<li>Hipoalergin\u0117 termoreguliacin\u0117 membrana<\/li>\n<li>Akytos anatomin\u0117s putos Memorex\u00ae (\u012fsi\u016btos \u012f u\u017evalkal\u0105) \u2013 idealiam komfortui sukurti ir atvirk\u0161tiniam spaudimui pa\u0161alinti<\/li>\n<li>Izoliacinis audinys TNT \u2013 papildoma bloko izoliacija ir apsauga nuo dulki\u0173.<\/li>\n<li>Ortopedini\u0173 put\u0173 Eliocell\u00ae monoblokas - orui pralaid\u017eios putos su mikropor\u0173 strukt\u016bra, turin\u010dios plastini\u0173 ir elastini\u0173 savybi\u0173. Putos Eliocell\u00ae atsparios deformacijai ir praspaudimams. U\u017etikrina ideal\u0173 ortopedin\u012f stuburo palaikym\u0105 miego ir poilsio metu.<\/li>\n<\/ol>\n<p>\u010ciu\u017einys maksimaliai tiksliai u\u017etikrina taisykling\u0105 fiziologin\u0119 (S pavidalo) stuburo pad\u0117t\u012f atsi\u017evelgiant \u012f jo nat\u016bralius i\u0161linkimus, taip pat suteikia stuburui optimal\u0173 palaikymo lyg\u012f \u2013 ypa\u010d juosmens srityje. Vaik\u0173 ir paaugli\u0173 nat\u016brali\u0173 stuburo i\u0161linkim\u0173 i\u0161saugojimas padeda formuoti taisykling\u0105 laikysen\u0105 ir lavinti atramos-jud\u0117jimo aparat\u0105.<\/p>\n<p>Ortopedin\u0117s putos labai atsparios deformacijai ir praspaudimams, padeda maksimaliai tiksliai u\u017etikrinti ortopedin\u012f efekt\u0105 stuburui, nepriklausomai nuo \u017emogaus svorio ir \u016bgio.<\/p>\n<p><table id=\"table_27443475\" width=\"100%\" class=\"zebra\"><thead><tr><th>Plotis<\/th><th>Ilgis<\/th><th>Kaina, EUR<\/th><\/tr>\r\n    <\/thead>\r\n    <tbody>\r\n\t\r\n\t<script type=\"text\/javascript\" charset=\"utf-8\">\r\n jQuery(document).ready(function() {\r\n    jQuery('#table_27443475').DataTable( {\"destroy\": true,\"bPaginate\": false,\"bLengthChange\": false,\"bFilter\": false,\"bSort\": true,\"bInfo\": false,\"bStateSave\": true,\"bAutoWidth\": true,\"sPaginationType\": \"full_numbers\",\"oLanguage\": {\r\n\t\t\t\"sLengthMenu\": \"Display _MENU_ records per page\",\r\n\t\t\t\"sZeroRecords\": \"Nothing found - sorry\",\r\n\t\t\t\"sInfo\": \"Showing _START_ to _END_ of _TOTAL_ records\",\r\n\t\t\t\"sInfoEmpty\": \"Showing 0 to 0 of 0 records\",\r\n                        \"sSearch\": \"Search: \",\r\n\t\t\t\"sInfoFiltered\": \"(filtered from _MAX_ total records)\"\r\n\t\t}} );\r\n});\r\n <\/script><tr><td>80<\/td><td>190<\/td><td>232<\/td><\/tr><tr><td>90<\/td><td>190<\/td><td>261<\/td><\/tr><tr><td>120<\/td><td>190<\/td><td>348<\/td><\/tr><tr><td>140<\/td><td>190<\/td><td>406<\/td><\/tr><tr><td>160<\/td><td>190<\/td><td>464<\/td><\/tr><tr><td>80<\/td><td>200<\/td><td>244<\/td><\/tr><tr><td>90<\/td><td>200<\/td><td>275<\/td><\/tr><tr><td>120<\/td><td>200<\/td><td>366<\/td><\/tr><tr><td>140<\/td><td>200<\/td><td>427<\/td><\/tr><tr><td>160<\/td><td>200<\/td><td>488<\/td><\/tr><tr><td>180<\/td><td>200<\/td><td>549<\/td><\/tr>\r\n    <\/tbody>\r\n<\/table>","protected":false},"excerpt":{"rendered":"<p>Bespyruoklis dvipusis \u010diu\u017einys, u\u017etikrinantis komforti\u0161k\u0105 stuburo ortopedin\u012f palaikym\u0105<\/p>\n","protected":false},"featured_media":2242,"comment_status":"closed","ping_status":"closed","template":"","meta":[],"_links":{"self":[{"href":"http:\/\/magniflex.lt\/lt\/wp-json\/wp\/v2\/product\/1946"}],"collection":[{"href":"http:\/\/magniflex.lt\/lt\/wp-json\/wp\/v2\/product"}],"about":[{"href":"http:\/\/magniflex.lt\/lt\/wp-json\/wp\/v2\/types\/product"}],"replies":[{"embeddable":true,"href":"http:\/\/magniflex.lt\/lt\/wp-json\/wp\/v2\/comments?post=1946"}],"wp:featuredmedia":[{"embeddable":true,"href":"http:\/\/magniflex.lt\/lt\/wp-json\/wp\/v2\/media\/2242"}],"wp:attachment":[{"href":"http:\/\/magniflex.lt\/lt\/wp-json\/wp\/v2\/media?parent=1946"}],"curies":[{"name":"wp","href":"https:\/\/api.w.org\/{rel}","templated":true}]}}