{"id":1942,"date":"2013-09-05T12:37:57","date_gmt":"2013-09-05T12:37:57","guid":{"rendered":"http:\/\/192.168.9.40\/_2014\/_04-April\/woocommerce_upd\/product\/product-11\/"},"modified":"2017-10-10T19:33:56","modified_gmt":"2017-10-10T19:33:56","slug":"memofort-wave","status":"publish","type":"product","link":"http:\/\/magniflex.lt\/lt\/product\/memofort-wave\/","title":{"rendered":"Pagalv\u0117 MEMOFORM Banga"},"content":{"rendered":"Anatomin\u0117 pagalv\u0117 su aktyvia ergonomika ir vidine palaikymo strukt\u016bra, u\u017etikrina maksimaliai nat\u016brali\u0105 stuburo kaklo dalies pad\u0117t\u012f miego ir poilsio metu. Skirtinguose auk\u0161\u010diuose esan\u010dios \u201ebangos\u201c u\u017etikrina optimal\u0173 komfort\u0105 miego ant nugaros arba ant \u0161ono metu. Galvos pad\u0117tis pagalv\u0117s centre leid\u017eia i\u0161vengti nepageidaujam\u0173 i\u0161krypim\u0173 atsiradimo. <\/p>\n<p><strong>Kaina: 120 EUR.<\/strong>","protected":false},"excerpt":{"rendered":"<p>Dydis: 60*43*h11\/10<br \/>\nU\u017epildas: Memoform\u00ae<br \/>\nU\u017evalkalas: termoreguliuojantis audinys Coolmax\u00ae<br \/>\nEksploatavimo terminas: 10 met\u0173<\/p>\n","protected":false},"featured_media":2255,"comment_status":"closed","ping_status":"closed","template":"","meta":[],"_links":{"self":[{"href":"http:\/\/magniflex.lt\/lt\/wp-json\/wp\/v2\/product\/1942"}],"collection":[{"href":"http:\/\/magniflex.lt\/lt\/wp-json\/wp\/v2\/product"}],"about":[{"href":"http:\/\/magniflex.lt\/lt\/wp-json\/wp\/v2\/types\/product"}],"replies":[{"embeddable":true,"href":"http:\/\/magniflex.lt\/lt\/wp-json\/wp\/v2\/comments?post=1942"}],"wp:featuredmedia":[{"embeddable":true,"href":"http:\/\/magniflex.lt\/lt\/wp-json\/wp\/v2\/media\/2255"}],"wp:attachment":[{"href":"http:\/\/magniflex.lt\/lt\/wp-json\/wp\/v2\/media?parent=1942"}],"curies":[{"name":"wp","href":"https:\/\/api.w.org\/{rel}","templated":true}]}}