{"id":1938,"date":"2013-09-05T12:37:11","date_gmt":"2013-09-05T12:37:11","guid":{"rendered":"http:\/\/192.168.9.40\/_2014\/_04-April\/woocommerce_upd\/product\/product-10\/"},"modified":"2018-03-22T14:23:15","modified_gmt":"2018-03-22T14:23:15","slug":"magnistretch10","status":"publish","type":"product","link":"http:\/\/magniflex.lt\/lt\/product\/magnistretch10\/","title":{"rendered":"MAGNISTRETCH 10"},"content":{"rendered":"Ypatingas tyrimas, u\u017epatentuotas fabriko Magniflex kartu su Saragosos universiteto Mechanin\u0117s in\u017einerijos departamentu, skirtas stuburo kaklo ir juosmens skyri\u0173 spaudimo klausimams tirti, paragino mus kurti ir gaminti naujas med\u017eiagas, kurios gali temptis d\u0117l \u017emogaus k\u016bno daromo spaudimo.<\/p>\n<p>Nauja sistema <strong>Stretch<\/strong>, d\u0117l \u010diu\u017einio bloko, kur\u012f sudaro sekcijos su palinkimo kampu, veikia atpalaiduojan\u010diai \u012f abi \u010diu\u017einio puses \u2013 \u0161velniai \u201ei\u0161tempdama\u201c nugar\u0105 nat\u016braliu b\u016bdu ir ma\u017eindama spaudim\u0105 k\u016bnui, nepriklausomai nuo to, kokioje pad\u0117tyje j\u016bs miegate.<\/p>\n<p>Be pastang\u0173, tvarkingai ir nat\u016braliai, \u010diu\u017einys MagniStretch padeda ma\u017einti ir \u0161alinti skausmus nugaroje, kuriuos sukelia raumen\u0173 spaudimas: jo atpalaiduojantis poveikis didina atstum\u0105 tarp slanksteli\u0173, i\u0161tempia k\u016bn\u0105 ir tolygiai paskirsto svor\u012f.<\/p>\n<p>\u010ciu\u017einio auk\u0161tis - 25 cm<\/p>\n<p>U\u017evalkalas nuvelkamas: termoreguliuojantis audinys OUTLAST\u00ae<\/p>\n<ol>\n<li>Anatomin\u0117s putos MEMOFORM\u00ae 2 cm (\u012fsi\u016btos \u012f u\u017evalkal\u0105)<\/li>\n<li>Strech putos ELIOSOFT\u00ae \u2013 5 cm<\/li>\n<li>Strech putos ELIOFORM\u00ae \u2013 8,5 cm<\/li>\n<li>Ortopedin\u0117s putos ELIOFORM\u00ae \u2013 8,5 cm<\/li>\n<\/ol>\n<p>Apkrova: iki 160 kg vienai miegojimo vietai<\/p>\n<p>Ypatumas: Ilgas \u010diu\u017einio naudojimas teigiamai veikia stuburo kaklo, kr\u016btin\u0117s ir juosmens skyrius, mal\u0161ina skausm\u0105, u\u017ekerta keli\u0105 pa\u016bm\u0117jimams, kuriuos sukelia netaisyklinga k\u016bno ir stuburo pad\u0117tis miego metu.<\/p>\n<p><table id=\"table_78311010\" width=\"100%\" class=\"zebra\"><thead><tr><th>Plotis<\/th><th>Ilgis<\/th><th>Kaina, EUR<\/th><\/tr>\r\n    <\/thead>\r\n    <tbody>\r\n\t\r\n\t<script type=\"text\/javascript\" charset=\"utf-8\">\r\n jQuery(document).ready(function() {\r\n    jQuery('#table_78311010').DataTable( {\"destroy\": true,\"bPaginate\": false,\"bLengthChange\": false,\"bFilter\": false,\"bSort\": true,\"bInfo\": false,\"bStateSave\": true,\"bAutoWidth\": true,\"sPaginationType\": \"full_numbers\",\"oLanguage\": {\r\n\t\t\t\"sLengthMenu\": \"Display _MENU_ records per page\",\r\n\t\t\t\"sZeroRecords\": \"Nothing found - sorry\",\r\n\t\t\t\"sInfo\": \"Showing _START_ to _END_ of _TOTAL_ records\",\r\n\t\t\t\"sInfoEmpty\": \"Showing 0 to 0 of 0 records\",\r\n                        \"sSearch\": \"Search: \",\r\n\t\t\t\"sInfoFiltered\": \"(filtered from _MAX_ total records)\"\r\n\t\t}} );\r\n});\r\n <\/script><tr><td>160<\/td><td>190<\/td><td>1815<\/td><\/tr><tr><td>90<\/td><td>200<\/td><td>1074<\/td><\/tr><tr><td>140<\/td><td>200<\/td><td>1671<\/td><\/tr><tr><td>160<\/td><td>200<\/td><td>1910<\/td><\/tr><tr><td>180<\/td><td>200<\/td><td>2149<\/td><\/tr><tr><td>200<\/td><td>200<\/td><td>2388<\/td><\/tr>\r\n    <\/tbody>\r\n<\/table>","protected":false},"excerpt":{"rendered":"<p>Nugal\u0117tojas nominacijoje \u201eKokyb\u0117 ir Inovacijos\u201c, kaip komforti\u0161ko miego sistema, kuri kovoja su stuburo skausmais, sukeltais osteochondroz\u0117s<\/p>\n","protected":false},"featured_media":2246,"comment_status":"closed","ping_status":"closed","template":"","meta":[],"_links":{"self":[{"href":"http:\/\/magniflex.lt\/lt\/wp-json\/wp\/v2\/product\/1938"}],"collection":[{"href":"http:\/\/magniflex.lt\/lt\/wp-json\/wp\/v2\/product"}],"about":[{"href":"http:\/\/magniflex.lt\/lt\/wp-json\/wp\/v2\/types\/product"}],"replies":[{"embeddable":true,"href":"http:\/\/magniflex.lt\/lt\/wp-json\/wp\/v2\/comments?post=1938"}],"wp:featuredmedia":[{"embeddable":true,"href":"http:\/\/magniflex.lt\/lt\/wp-json\/wp\/v2\/media\/2246"}],"wp:attachment":[{"href":"http:\/\/magniflex.lt\/lt\/wp-json\/wp\/v2\/media?parent=1938"}],"curies":[{"name":"wp","href":"https:\/\/api.w.org\/{rel}","templated":true}]}}