{"id":1934,"date":"2013-09-05T12:36:23","date_gmt":"2013-09-05T12:36:23","guid":{"rendered":"http:\/\/192.168.9.40\/_2014\/_04-April\/woocommerce_upd\/product\/product-9\/"},"modified":"2018-03-22T14:24:59","modified_gmt":"2018-03-22T14:24:59","slug":"naturcomfort","status":"publish","type":"product","link":"http:\/\/magniflex.lt\/lt\/product\/naturcomfort\/","title":{"rendered":"NATURCOMFORT"},"content":{"rendered":"Unikalus \u010diu\u017einys, sukurtas pagal \u0161iuolaikin\u0119 \u201ekomforti\u0161ko miego sistemos\u201c formul\u0119 \u2013 stand\u017eios ortopedin\u0117s putos Eliosoft\u00ae, u\u017etikrina stuburo taisykling\u0105 pad\u0117t\u012f + sluoksnis anatomini\u0173 put\u0173 Memoform\u00ae, kurios \u017eenkliai suma\u017eina atvirk\u0161tin\u012f spaudim\u0105 ir idealiai atkartoja m\u016bs\u0173 k\u016bno fiziologinius i\u0161linkimus.<\/p>\n<p>Med\u017eiagos Eliosoft\u00ae akyta strukt\u016bra yra pralaidi orui ir gali sklaidyti \u017emogaus k\u016bno dr\u0117gm\u0119. Putos Eliosoft\u00ae susideda i\u0161 latekso ir poliuretano, vulkanizuot\u0173 vandeniu, ir dviej\u0173 r\u016b\u0161i\u0173 poliesterio, vienas i\u0161 kuri\u0173 u\u017etikrina komforti\u0161k\u0105 standum\u0105, o kitas stiprina anatomin\u012f efekt\u0105.<\/p>\n<p>Rekomenduojamas visiems, kas m\u0117gsta stand\u0173 ortopedin\u012f efekt\u0105 derinyje su idealiu komfortu ir jautriu anatominiu palaikymu.<\/p>\n<p>\u010ciu\u017einio auk\u0161tis - 21 cm<\/p>\n<p>U\u017evalkalas: termoreguliuojantis audinys Lenpur\u00ae<\/p>\n<ol>\n<li>Anatomin\u0117s putos Memoform\u00ae 2 cm (\u012fsi\u016btos \u012f u\u017evalkal\u0105 i\u0161 dviej\u0173 pusi\u0173)<\/li>\n<li>Hipoalerginis termoreguliuojantis u\u017epildas<\/li>\n<li>Izoliacinis filtruojantis audinys TNT<\/li>\n<li>Ortopedin\u0117s putos su anatominiu efektu Eliosoft\u00ae \u2013 17 cm<\/li>\n<\/ol>\n<p>Ypatumas: 3 ortopedinio palaikymo zonos<\/p>\n<p>Termoreguliuojantis audinys Lenpur\u00ae - tai u\u017epatentuota celiulioz\u0117s med\u017eiaga su medienos pluo\u0161tu. Geros audinio kapiliarin\u0117s savyb\u0117s ir pralaidumas orui leid\u017eia efektyviai sugerti ir i\u0161garinti dr\u0117gm\u0119 nuo \u017emogaus k\u016bno, taip sukuriant komforti\u0161k\u0105 mikroklimat\u0105 \u010diu\u017einio pavir\u0161iuje. Jeigu temperat\u016bra \u017eema, audinys akumuliuoja \u0161ilum\u0105 ir \u0161ildo mus miego metu \u2013 termo apatini\u0173 efektas.<\/p>\n<p><table id=\"table_4327939\" width=\"100%\" class=\"zebra\"><thead><tr><th>Plotis<\/th><th>Ilgis<\/th><th>Kaina, EUR<\/th><\/tr>\r\n    <\/thead>\r\n    <tbody>\r\n\t\r\n\t<script type=\"text\/javascript\" charset=\"utf-8\">\r\n jQuery(document).ready(function() {\r\n    jQuery('#table_4327939').DataTable( {\"destroy\": true,\"bPaginate\": false,\"bLengthChange\": false,\"bFilter\": false,\"bSort\": true,\"bInfo\": false,\"bStateSave\": true,\"bAutoWidth\": true,\"sPaginationType\": \"full_numbers\",\"oLanguage\": {\r\n\t\t\t\"sLengthMenu\": \"Display _MENU_ records per page\",\r\n\t\t\t\"sZeroRecords\": \"Nothing found - sorry\",\r\n\t\t\t\"sInfo\": \"Showing _START_ to _END_ of _TOTAL_ records\",\r\n\t\t\t\"sInfoEmpty\": \"Showing 0 to 0 of 0 records\",\r\n                        \"sSearch\": \"Search: \",\r\n\t\t\t\"sInfoFiltered\": \"(filtered from _MAX_ total records)\"\r\n\t\t}} );\r\n});\r\n <\/script><tr><td>80<\/td><td>190<\/td><td>380<\/td><\/tr><tr><td>90<\/td><td>190<\/td><td>427<\/td><\/tr><tr><td>140<\/td><td>190<\/td><td>664<\/td><\/tr><tr><td>160<\/td><td>190<\/td><td>759<\/td><\/tr><tr><td>80<\/td><td>200<\/td><td>400<\/td><\/tr><tr><td>90<\/td><td>200<\/td><td>449<\/td><\/tr><tr><td>120<\/td><td>200<\/td><td>599<\/td><\/tr><tr><td>140<\/td><td>200<\/td><td>699<\/td><\/tr><tr><td>150<\/td><td>200<\/td><td>749<\/td><\/tr><tr><td>160<\/td><td>200<\/td><td>799<\/td><\/tr><tr><td>170<\/td><td>200<\/td><td>849<\/td><\/tr><tr><td>180<\/td><td>200<\/td><td>899<\/td><\/tr><tr><td>200<\/td><td>200<\/td><td>999<\/td><\/tr>\r\n    <\/tbody>\r\n<\/table>","protected":false},"excerpt":{"rendered":"<p>Komforti\u0161ko miego sistema \u2013 pasaulin\u0117 pardavim\u0173 lyder\u0117<\/p>\n","protected":false},"featured_media":2243,"comment_status":"closed","ping_status":"closed","template":"","meta":[],"_links":{"self":[{"href":"http:\/\/magniflex.lt\/lt\/wp-json\/wp\/v2\/product\/1934"}],"collection":[{"href":"http:\/\/magniflex.lt\/lt\/wp-json\/wp\/v2\/product"}],"about":[{"href":"http:\/\/magniflex.lt\/lt\/wp-json\/wp\/v2\/types\/product"}],"replies":[{"embeddable":true,"href":"http:\/\/magniflex.lt\/lt\/wp-json\/wp\/v2\/comments?post=1934"}],"wp:featuredmedia":[{"embeddable":true,"href":"http:\/\/magniflex.lt\/lt\/wp-json\/wp\/v2\/media\/2243"}],"wp:attachment":[{"href":"http:\/\/magniflex.lt\/lt\/wp-json\/wp\/v2\/media?parent=1934"}],"curies":[{"name":"wp","href":"https:\/\/api.w.org\/{rel}","templated":true}]}}