{"id":1930,"date":"2013-09-05T12:35:20","date_gmt":"2013-09-05T12:35:20","guid":{"rendered":"http:\/\/192.168.9.40\/_2014\/_04-April\/woocommerce_upd\/product\/product-8\/"},"modified":"2017-10-10T19:34:53","modified_gmt":"2017-10-10T19:34:53","slug":"memoform-massage","status":"publish","type":"product","link":"http:\/\/magniflex.lt\/lt\/product\/memoform-massage\/","title":{"rendered":"Pagalv\u0117 MEMOFORM Masa\u017eas"},"content":{"rendered":"Pagalv\u0117s centrin\u0117s dalies piramid\u0117s pavidalo \u201espygliai\u201c stiprina kraujo apytak\u0105 galvos pakau\u0161io arba smilkini\u0173 srityje. Dvi skirtingame auk\u0161tyje esan\u010dios \u201ebangos\u201c u\u017etikrina aktyvi\u0105 ergonomik\u0105 stuburo kaklo daliai. \u012elenkta \u012f vid\u0173 pagalv\u0117s forma u\u017etikrina patikim\u0105 atram\u0105 galvai, bei u\u017ekerta keli\u0105 stuburo i\u0161krypimams. <\/p>\n<p><strong>Kaina: 120 EUR.<\/strong>","protected":false},"excerpt":{"rendered":"<p>Dydis: 70*39*h11<br \/>\nU\u017epildas: Memoform\u00ae<br \/>\nU\u017evlkalas: termoreguliuojantis audinys Coolmax\u00ae<br \/>\nEksploatavimo terminas: 10 met\u0173<\/p>\n","protected":false},"featured_media":2252,"comment_status":"closed","ping_status":"closed","template":"","meta":[],"_links":{"self":[{"href":"http:\/\/magniflex.lt\/lt\/wp-json\/wp\/v2\/product\/1930"}],"collection":[{"href":"http:\/\/magniflex.lt\/lt\/wp-json\/wp\/v2\/product"}],"about":[{"href":"http:\/\/magniflex.lt\/lt\/wp-json\/wp\/v2\/types\/product"}],"replies":[{"embeddable":true,"href":"http:\/\/magniflex.lt\/lt\/wp-json\/wp\/v2\/comments?post=1930"}],"wp:featuredmedia":[{"embeddable":true,"href":"http:\/\/magniflex.lt\/lt\/wp-json\/wp\/v2\/media\/2252"}],"wp:attachment":[{"href":"http:\/\/magniflex.lt\/lt\/wp-json\/wp\/v2\/media?parent=1930"}],"curies":[{"name":"wp","href":"https:\/\/api.w.org\/{rel}","templated":true}]}}