{"id":1926,"date":"2013-09-05T12:34:08","date_gmt":"2013-09-05T12:34:08","guid":{"rendered":"http:\/\/192.168.9.40\/_2014\/_04-April\/woocommerce_upd\/product\/product-7\/"},"modified":"2019-03-21T15:10:44","modified_gmt":"2019-03-21T15:10:44","slug":"estel","status":"publish","type":"product","link":"http:\/\/magniflex.lt\/lt\/product\/estel\/","title":{"rendered":"ESTEL"},"content":{"rendered":"Kv\u0117puojanti, dr\u0117gmei atspari \u010diu\u017einio apsauga su membrana \u201eakvastop\u201c. Apsaugos vir\u0161us: termoreguliuojantis audinys tensel (medviln\u0117 su eukalipto pluo\u0161tu), turintis ger\u0173 kapiliarini\u0173 savybi\u0173. Elastin\u0117 membrana \u201eakvastop\u201c vandens pagrindu gerai praleid\u017eia or\u0105. Audinio sanitarinis apdorojimas u\u017etikrina apsaug\u0105 nuo mikrob\u0173 ir alergijos.<\/p>\n<p>Sud\u0117tis: apsaugos vir\u0161us \u2013 nat\u016bralus pluo\u0161tas Tensel<br \/>\nApsaugos apa\u010dia \u2013 poliuretano membrana \u201eakvastop\u201c<\/p>\n<p><table id=\"table_222920671\" width=\"100%\" class=\"zebra\"><thead><tr><th>Plotis<\/th><th>Ilgis<\/th><th>Viet\u0173 skai\u010dius<\/th><th>Kaina, EUR<\/th><\/tr>\r\n    <\/thead>\r\n    <tbody>\r\n\t\r\n\t<script type=\"text\/javascript\" charset=\"utf-8\">\r\n jQuery(document).ready(function() {\r\n    jQuery('#table_222920671').DataTable( {\"destroy\": true,\"bPaginate\": false,\"bLengthChange\": false,\"bFilter\": false,\"bSort\": true,\"bInfo\": false,\"bStateSave\": true,\"bAutoWidth\": true,\"sPaginationType\": \"full_numbers\",\"oLanguage\": {\r\n\t\t\t\"sLengthMenu\": \"Display _MENU_ records per page\",\r\n\t\t\t\"sZeroRecords\": \"Nothing found - sorry\",\r\n\t\t\t\"sInfo\": \"Showing _START_ to _END_ of _TOTAL_ records\",\r\n\t\t\t\"sInfoEmpty\": \"Showing 0 to 0 of 0 records\",\r\n                        \"sSearch\": \"Search: \",\r\n\t\t\t\"sInfoFiltered\": \"(filtered from _MAX_ total records)\"\r\n\t\t}} );\r\n});\r\n <\/script><tr><td>120<\/td><td>200<\/td><td>1<\/td><td>36<\/td><\/tr><tr><td>140<\/td><td>200<\/td><td>1<\/td><td>39<\/td><\/tr><tr><td>160<\/td><td>200<\/td><td>2<\/td><td>44<\/td><\/tr><tr><td>180<\/td><td>200<\/td><td>2<\/td><td>48<\/td><\/tr><tr><td>200<\/td><td>200<\/td><td>2<\/td><td>52<\/td><\/tr>\r\n    <\/tbody>\r\n<\/table>","protected":false},"excerpt":{"rendered":"<p>Atspari dr\u0117gmei \u010diu\u017einio apsauga ESTEL<\/p>\n","protected":false},"featured_media":2258,"comment_status":"closed","ping_status":"closed","template":"","meta":[],"_links":{"self":[{"href":"http:\/\/magniflex.lt\/lt\/wp-json\/wp\/v2\/product\/1926"}],"collection":[{"href":"http:\/\/magniflex.lt\/lt\/wp-json\/wp\/v2\/product"}],"about":[{"href":"http:\/\/magniflex.lt\/lt\/wp-json\/wp\/v2\/types\/product"}],"replies":[{"embeddable":true,"href":"http:\/\/magniflex.lt\/lt\/wp-json\/wp\/v2\/comments?post=1926"}],"wp:featuredmedia":[{"embeddable":true,"href":"http:\/\/magniflex.lt\/lt\/wp-json\/wp\/v2\/media\/2258"}],"wp:attachment":[{"href":"http:\/\/magniflex.lt\/lt\/wp-json\/wp\/v2\/media?parent=1926"}],"curies":[{"name":"wp","href":"https:\/\/api.w.org\/{rel}","templated":true}]}}