{"id":1924,"date":"2013-09-05T12:33:16","date_gmt":"2013-09-05T12:33:16","guid":{"rendered":"http:\/\/192.168.9.40\/_2014\/_04-April\/woocommerce_upd\/product\/product-6\/"},"modified":"2017-10-10T19:36:00","modified_gmt":"2017-10-10T19:36:00","slug":"memoform-sushi","status":"publish","type":"product","link":"http:\/\/magniflex.lt\/lt\/product\/memoform-sushi\/","title":{"rendered":"Pagalv\u0117 MEMOFORM SUSHI"},"content":{"rendered":"Pagalv\u0117 u\u017etikrina personalin\u012f komfort\u0105 bet kokiomis s\u0105lygomis \u2013 kelyje, namuose, poilsio metu. D\u0117l savo dyd\u017eio ir kelioninio u\u017evalkalo lengvai telpa \u012f lagamin\u0105, kuprin\u0119. <\/p>\n<p><strong>Kaina: 105 EUR.<\/strong>","protected":false},"excerpt":{"rendered":"<p>Dydis: 44*24*h10<br \/>\nU\u017epildas: Memoform\u00ae<br \/>\nU\u017evalkalas: termoreguliuojantis audinys Coolmax<\/p>\n","protected":false},"featured_media":2254,"comment_status":"closed","ping_status":"closed","template":"","meta":[],"_links":{"self":[{"href":"http:\/\/magniflex.lt\/lt\/wp-json\/wp\/v2\/product\/1924"}],"collection":[{"href":"http:\/\/magniflex.lt\/lt\/wp-json\/wp\/v2\/product"}],"about":[{"href":"http:\/\/magniflex.lt\/lt\/wp-json\/wp\/v2\/types\/product"}],"replies":[{"embeddable":true,"href":"http:\/\/magniflex.lt\/lt\/wp-json\/wp\/v2\/comments?post=1924"}],"wp:featuredmedia":[{"embeddable":true,"href":"http:\/\/magniflex.lt\/lt\/wp-json\/wp\/v2\/media\/2254"}],"wp:attachment":[{"href":"http:\/\/magniflex.lt\/lt\/wp-json\/wp\/v2\/media?parent=1924"}],"curies":[{"name":"wp","href":"https:\/\/api.w.org\/{rel}","templated":true}]}}