{"id":1923,"date":"2013-09-05T12:32:02","date_gmt":"2013-09-05T12:32:02","guid":{"rendered":"http:\/\/192.168.9.40\/_2014\/_04-April\/woocommerce_upd\/product\/product-5\/"},"modified":"2018-03-22T14:26:54","modified_gmt":"2018-03-22T14:26:54","slug":"comfort-dual-12","status":"publish","type":"product","link":"http:\/\/magniflex.lt\/lt\/product\/comfort-dual-12\/","title":{"rendered":"COMFORT DUAL 12"},"content":{"rendered":"Premium klas\u0117s auk\u0161t\u0173 technologij\u0173 \u010diu\u017einys, turintis tris komforto lygius (kietas, vidutinis, idealus), u\u017etikrina vartotojui galimyb\u0119 savaranki\u0161kai sumodeliuoti optimal\u0173 komforto lyg\u012f. Didelis anatominis ir ortopedinis efektas, derinamas su u\u017evalkalo termoreguliuojan\u010diomis savyb\u0117mis, paver\u010dia \u0161\u012f \u010diu\u017ein\u012f idealia komforti\u0161ko miego ir poilsio sistema.<\/p>\n<p>\u010ciu\u017einys COMFORT DUAL 12 sukurtas pagal \u0161iuolaikinio \u010diu\u017einio ideali\u0105 formul\u0119:<\/p>\n<ul>\n<li>Termoreguliuojantis u\u017evalkalas (audinys Outlast) optimaliam mikroklimatui \u010diu\u017einio pavir\u0161iuje sukurti<\/li>\n<li>Bespyruoklis blokas<\/li>\n<li>Anatominis maksimaliai komforti\u0161kas med\u017eiagos MEMOFORM\u00ae sluoksnis bespyruoklio bloko vir\u0161utin\u0117je dalyje, storis 3 cm + MEMOFORM\u00ae 2 cm, \u012fsi\u016btas \u012f \u010diu\u017einio u\u017evalkal\u0105<\/li>\n<li>Putos Elioform 3 cm ir Eliosoft 21 cm su ortopediniu efektu \u010diu\u017einio bloko centrin\u0117je dalyje u\u017etikrina vidutin\u012f ir ideal\u0173 stuburo i\u0161linkim\u0173 palaikym\u0105 (ypa\u010d juosmens skyriuje)<\/li>\n<li>\u010ciu\u017einio konstrukcija \u2013 \u012fvairi\u0173 med\u017eiag\u0173 kombinavimas + u\u017evalkalas su \u201egiliu siuvimu\u201c suteikia lengvo spyruokliavimo efekt\u0105<\/li>\n<\/ul>\n<p>\u010ciu\u017einio auk\u0161tis - 30 cm<\/p>\n<p>U\u017evalkalas nuvelkamas: termoreguliuojantis audinys OUTLAST\u00ae<\/p>\n<ol>\n<li>Anatomin\u0117s putos MEMOFORM\u00ae 2 cm (\u012fsi\u016btos \u012f u\u017evalkal\u0105)<\/li>\n<li>Anatomin\u0117s putos Memoform\u00ae \u2013 3 cm<\/li>\n<li>Ortopedin\u0117s putos ELIOSOFT\u00ae \u2013 3 cm<\/li>\n<li>4. Ortopedin\u0117s putos ELIOFORM\u00ae \u2013 21 cm<\/li>\n<\/ol>\n<p>Apkrova: iki 160 kg vienai miegojimo vietai<\/p>\n<p>*Dvipusis \u010diu\u017einys su 3 komforto lygiais, viena pus\u0117 u\u017etikrina ideal\u0173 komfort\u0105, kita pus\u0117 u\u017etikrina kiet\u0105 komfort\u0105, \u012fvairios nuvelkamo u\u017evalkalo kombinacijos vienoje i\u0161 \u010diu\u017einio pusi\u0173 leis u\u017etikrinti vidutin\u012f komfort\u0105.<\/p>\n<p><table id=\"table_91305418\" width=\"100%\" class=\"zebra\"><thead><tr><th>Plotis<\/th><th>Ilgis<\/th><th>Kaina, EUR<\/th><\/tr>\r\n    <\/thead>\r\n    <tbody>\r\n\t\r\n\t<script type=\"text\/javascript\" charset=\"utf-8\">\r\n jQuery(document).ready(function() {\r\n    jQuery('#table_91305418').DataTable( {\"destroy\": true,\"bPaginate\": false,\"bLengthChange\": false,\"bFilter\": false,\"bSort\": true,\"bInfo\": false,\"bStateSave\": true,\"bAutoWidth\": true,\"sPaginationType\": \"full_numbers\",\"oLanguage\": {\r\n\t\t\t\"sLengthMenu\": \"Display _MENU_ records per page\",\r\n\t\t\t\"sZeroRecords\": \"Nothing found - sorry\",\r\n\t\t\t\"sInfo\": \"Showing _START_ to _END_ of _TOTAL_ records\",\r\n\t\t\t\"sInfoEmpty\": \"Showing 0 to 0 of 0 records\",\r\n                        \"sSearch\": \"Search: \",\r\n\t\t\t\"sInfoFiltered\": \"(filtered from _MAX_ total records)\"\r\n\t\t}} );\r\n});\r\n <\/script><tr><td>160<\/td><td>190<\/td><td>1962<\/td><\/tr><tr><td>160<\/td><td>200<\/td><td>2065<\/td><\/tr><tr><td>180<\/td><td>200<\/td><td>2324<\/td><\/tr>\r\n    <\/tbody>\r\n<\/table>","protected":false},"excerpt":{"rendered":"<p>Individualus komfortas<\/p>\n","protected":false},"featured_media":2247,"comment_status":"closed","ping_status":"closed","template":"","meta":[],"_links":{"self":[{"href":"http:\/\/magniflex.lt\/lt\/wp-json\/wp\/v2\/product\/1923"}],"collection":[{"href":"http:\/\/magniflex.lt\/lt\/wp-json\/wp\/v2\/product"}],"about":[{"href":"http:\/\/magniflex.lt\/lt\/wp-json\/wp\/v2\/types\/product"}],"replies":[{"embeddable":true,"href":"http:\/\/magniflex.lt\/lt\/wp-json\/wp\/v2\/comments?post=1923"}],"wp:featuredmedia":[{"embeddable":true,"href":"http:\/\/magniflex.lt\/lt\/wp-json\/wp\/v2\/media\/2247"}],"wp:attachment":[{"href":"http:\/\/magniflex.lt\/lt\/wp-json\/wp\/v2\/media?parent=1923"}],"curies":[{"name":"wp","href":"https:\/\/api.w.org\/{rel}","templated":true}]}}