{"id":1922,"date":"2013-09-05T12:30:51","date_gmt":"2013-09-05T12:30:51","guid":{"rendered":"http:\/\/192.168.9.40\/_2014\/_04-April\/woocommerce_upd\/product\/product-4\/"},"modified":"2018-03-22T14:28:32","modified_gmt":"2018-03-22T14:28:32","slug":"armonia-dual","status":"publish","type":"product","link":"http:\/\/magniflex.lt\/lt\/product\/armonia-dual\/","title":{"rendered":"ARMONIA DUAL"},"content":{"rendered":"Premium klas\u0117s KOMFORTI\u0160KO MIEGO SISTEMA, turinti \u0161e\u0161is komforto lygius (kietas, vidutinis, idealus, kombinuotas 3 variantai), u\u017etikrina vartotojui galimyb\u0119 savaranki\u0161kai sumodeliuoti optimal\u0173 komforto lyg\u012f. Auk\u0161tas anatominis ir ortopedinis efektas derinyje su u\u017evalkalo termoreguliuojan\u010diomis savyb\u0117mis paver\u010dia \u0161\u012f \u010diu\u017ein\u012f idealia komforti\u0161ko miego ir poilsio sistema.<\/p>\n<p>Idealiai apskai\u010diuota 4 sluoksni\u0173 kombinacija: ergonomika, elastingumas, komforti\u0161kas palaikymas ir anatominis standumas u\u017etikrina vartotojui idealius komforto parametrus ir auk\u0161tas eksploatavimo charakteristikas, taip pat individual\u0173 komforto pasirinkim\u0105.<\/p>\n<p>\u010ciu\u017einio auk\u0161tis - 35 cm<\/p>\n<p>Nuvelkamas u\u017evalkalas: termoreguliuojantis audinys Viscose termo\u00ae<\/p>\n<ol>\n<li>Termoreguliuojanti fibro med\u017eiaga Super Soft<\/li>\n<li>Anatomin\u0117s putos MEMOFORM\u00ae 2 cm (\u012fsi\u016btos \u012f u\u017evalkal\u0105)<\/li>\n<li>Hipoalerginis ermoreguliuojantis u\u017epildas<\/li>\n<\/ol>\n<p>Izoliuojantis filtruojantis audinys TNT<\/p>\n<ol start=\"5\">\n<li>Anatomin\u0117s putos \u201ewave\u201c MEMOFORM\u00ae 6 cm<\/li>\n<li>Ortopedin\u0117s putos ELIOFORM\u00ae 11 cm<\/li>\n<li>Ortopedin\u0117s putos ELIOSOFT\u00ae 11 cm<\/li>\n<\/ol>\n<p>Apkrova: iki 180 kg vienai miegojimo vietai<\/p>\n<p>\u010ciu\u017einys Armonia Memoform Dual\u00ae sukurtas komforti\u0161kam miegui ir u\u017etikrina maksimal\u0173 anatomin\u012f ir ortopedin\u012f efekt\u0105. D\u0117l to, kad viename \u010diu\u017einyje yra \u0161e\u0161i komforto lygiai, \u010diu\u017einys Armonia tinka visiems pirk\u0117jams, nepriklausomai nuo to, kokio komforto jie pageidauja (mink\u0161tas, kietas, vidutinis, kombinuotas). U\u017evalkalo gamyboje taikoma unikali susiuvimo technologija - Piazzato\u00ae.<\/p>\n<p>Termoreguliuojan\u010dio u\u017evalkalo efektyvumo ir anatominio komforto derinys su ortopediniu palaikymu , kur\u012f u\u017etikrina \u010diu\u017einio vidinis blokas, paver\u010dia model\u012f Armonia Memoform Dual\u00ae idealia patogaus ir sveiko miego sistema.<\/p>\n<p>\u010ciu\u017einio viduje yra du vienguliai blokai \u2013 d\u0117l u\u017evalkalo konstrukcijos nejau\u010diamas blok\u0173 sujungimas.<\/p>\n<p><table id=\"table_114584202\" width=\"100%\" class=\"zebra\"><thead><tr><th>Plotis<\/th><th>Ilgis<\/th><th>Kaina, EUR<\/th><\/tr>\r\n    <\/thead>\r\n    <tbody>\r\n\t\r\n\t<script type=\"text\/javascript\" charset=\"utf-8\">\r\n jQuery(document).ready(function() {\r\n    jQuery('#table_114584202').DataTable( {\"destroy\": true,\"bPaginate\": false,\"bLengthChange\": false,\"bFilter\": false,\"bSort\": true,\"bInfo\": false,\"bStateSave\": true,\"bAutoWidth\": true,\"sPaginationType\": \"full_numbers\",\"oLanguage\": {\r\n\t\t\t\"sLengthMenu\": \"Display _MENU_ records per page\",\r\n\t\t\t\"sZeroRecords\": \"Nothing found - sorry\",\r\n\t\t\t\"sInfo\": \"Showing _START_ to _END_ of _TOTAL_ records\",\r\n\t\t\t\"sInfoEmpty\": \"Showing 0 to 0 of 0 records\",\r\n                        \"sSearch\": \"Search: \",\r\n\t\t\t\"sInfoFiltered\": \"(filtered from _MAX_ total records)\"\r\n\t\t}} );\r\n});\r\n <\/script><tr><td>160<\/td><td>200<\/td><td>3019<\/td><\/tr><tr><td>180<\/td><td>200<\/td><td>3399<\/td><\/tr><tr><td>200<\/td><td>200<\/td><td>3779<\/td><\/tr>\r\n    <\/tbody>\r\n<\/table>","protected":false},"excerpt":{"rendered":"<p>6 komforto lygiai<\/p>\n<p>Premium Collection pardavim\u0173 lyderis<\/p>\n","protected":false},"featured_media":2248,"comment_status":"closed","ping_status":"closed","template":"","meta":[],"_links":{"self":[{"href":"http:\/\/magniflex.lt\/lt\/wp-json\/wp\/v2\/product\/1922"}],"collection":[{"href":"http:\/\/magniflex.lt\/lt\/wp-json\/wp\/v2\/product"}],"about":[{"href":"http:\/\/magniflex.lt\/lt\/wp-json\/wp\/v2\/types\/product"}],"replies":[{"embeddable":true,"href":"http:\/\/magniflex.lt\/lt\/wp-json\/wp\/v2\/comments?post=1922"}],"wp:featuredmedia":[{"embeddable":true,"href":"http:\/\/magniflex.lt\/lt\/wp-json\/wp\/v2\/media\/2248"}],"wp:attachment":[{"href":"http:\/\/magniflex.lt\/lt\/wp-json\/wp\/v2\/media?parent=1922"}],"curies":[{"name":"wp","href":"https:\/\/api.w.org\/{rel}","templated":true}]}}