{"id":1921,"date":"2013-09-05T12:28:28","date_gmt":"2013-09-05T12:28:28","guid":{"rendered":"http:\/\/192.168.9.40\/_2014\/_04-April\/woocommerce_upd\/product\/product-3\/"},"modified":"2019-03-21T15:09:24","modified_gmt":"2019-03-21T15:09:24","slug":"actipur","status":"publish","type":"product","link":"http:\/\/magniflex.lt\/lt\/product\/actipur\/","title":{"rendered":"ACTIPUR"},"content":{"rendered":"Kv\u0117puojanti, dr\u0117gmei atspari \u010diu\u017einio apsauga su membrana \u201eakvastop\u201c. Apsaugos vir\u0161us: 100% medviln\u0117 \u201eMachra\u201c su termoreguliuojan\u010diom savyb\u0117m. Elastin\u0117 membrana \u201eakvastop\u201c vandens pagrindu gerai praleid\u017eia or\u0105. Medviln\u0117 \u201eMachra\u201c turi ger\u0173 kapiliarini\u0173 savybi\u0173, tai leid\u017eia i\u0161vesti dr\u0117gm\u0119 i\u0161 k\u016bno pavir\u0161iaus ir taip u\u017etikrinti komforti\u0161k\u0105 mikroklimat\u0105 miegui ir poilsiui. Audinio sanitarinis apdorojimas suteikia apsaug\u0105 prie\u0161 mikrobus ir alergij\u0105.<\/p>\n<p>Sud\u0117tis: apsaugos vir\u0161us \u2013 100% medviln\u0117 \u201eMachra\u201c<br \/>\nApsaugos apa\u010dia \u2013 poliuretano membrana \u201eakvastop\u201c<\/p>\n<p><table id=\"table_247132532\" width=\"100%\" class=\"zebra\"><thead><tr><th>Plotis<\/th><th>Ilgis<\/th><th>Viet\u0173 skai\u010dius<\/th><th>Kaina, EUR<\/th><\/tr>\r\n    <\/thead>\r\n    <tbody>\r\n\t\r\n\t<script type=\"text\/javascript\" charset=\"utf-8\">\r\n jQuery(document).ready(function() {\r\n    jQuery('#table_247132532').DataTable( {\"destroy\": true,\"bPaginate\": false,\"bLengthChange\": false,\"bFilter\": false,\"bSort\": true,\"bInfo\": false,\"bStateSave\": true,\"bAutoWidth\": true,\"sPaginationType\": \"full_numbers\",\"oLanguage\": {\r\n\t\t\t\"sLengthMenu\": \"Display _MENU_ records per page\",\r\n\t\t\t\"sZeroRecords\": \"Nothing found - sorry\",\r\n\t\t\t\"sInfo\": \"Showing _START_ to _END_ of _TOTAL_ records\",\r\n\t\t\t\"sInfoEmpty\": \"Showing 0 to 0 of 0 records\",\r\n                        \"sSearch\": \"Search: \",\r\n\t\t\t\"sInfoFiltered\": \"(filtered from _MAX_ total records)\"\r\n\t\t}} );\r\n});\r\n <\/script><tr><td>90<\/td><td>200<\/td><td>1<\/td><td>35<\/td><\/tr><tr><td>120<\/td><td>200<\/td><td>1<\/td><td>43<\/td><\/tr><tr><td>140<\/td><td>200<\/td><td>1<\/td><td>47<\/td><\/tr><tr><td>160<\/td><td>200<\/td><td>2<\/td><td>53<\/td><\/tr><tr><td>180<\/td><td>200<\/td><td>2<\/td><td>59<\/td><\/tr><tr><td>200<\/td><td>200<\/td><td>2<\/td><td>65<\/td><\/tr>\r\n    <\/tbody>\r\n<\/table>","protected":false},"excerpt":{"rendered":"<p>Atspari dr\u0117gmei \u010diu\u017einio apsauga ACTIPUR<\/p>\n","protected":false},"featured_media":2257,"comment_status":"closed","ping_status":"closed","template":"","meta":[],"_links":{"self":[{"href":"http:\/\/magniflex.lt\/lt\/wp-json\/wp\/v2\/product\/1921"}],"collection":[{"href":"http:\/\/magniflex.lt\/lt\/wp-json\/wp\/v2\/product"}],"about":[{"href":"http:\/\/magniflex.lt\/lt\/wp-json\/wp\/v2\/types\/product"}],"replies":[{"embeddable":true,"href":"http:\/\/magniflex.lt\/lt\/wp-json\/wp\/v2\/comments?post=1921"}],"wp:featuredmedia":[{"embeddable":true,"href":"http:\/\/magniflex.lt\/lt\/wp-json\/wp\/v2\/media\/2257"}],"wp:attachment":[{"href":"http:\/\/magniflex.lt\/lt\/wp-json\/wp\/v2\/media?parent=1921"}],"curies":[{"name":"wp","href":"https:\/\/api.w.org\/{rel}","templated":true}]}}