{"id":1919,"date":"2013-09-05T12:25:32","date_gmt":"2013-09-05T12:25:32","guid":{"rendered":"http:\/\/192.168.9.40\/_2014\/_04-April\/woocommerce_upd\/?post_type=product&#038;p=1900"},"modified":"2018-03-22T14:30:22","modified_gmt":"2018-03-22T14:30:22","slug":"magni9","status":"publish","type":"product","link":"http:\/\/magniflex.lt\/lt\/product\/magni9\/","title":{"rendered":"MAGNI 9"},"content":{"rendered":"Auk\u0161t\u0173 technologij\u0173 \u010diu\u017einys, klas\u0117: Vidutin\u0117 +, su vidutiniu komforto lygiu, u\u017etikrina nat\u016brali\u0105 stuburo pad\u0117t\u012f, atsi\u017evelgiant \u012f visus fiziologinius i\u0161linkimus (ortopedinis efektas) nepriklausomai nuo \u017emogaus svorio, \u016bgio ir am\u017eiaus. Pagal \u010diu\u017eini\u0173 pardavimo statistik\u0105 Europoje - 60% pirk\u0117j\u0173 renkasi pana\u0161ios konstrukcijos \u010diu\u017einius \u2013 ne mink\u0161t\u0105 ir ne kiet\u0105, o komforti\u0161k\u0105. Vidutinis anatominis ir auk\u0161tas ortopedinis efektas derinyje su u\u017evalkalo termoreguliuojan\u010diomis savyb\u0117mis padaro \u0161\u012f \u010diu\u017ein\u012f idealia komforti\u0161ko miego ir poilsio sistema.<\/p>\n<p>\u010ciu\u017einys MAGNI 9 sukurtas pagal ideali\u0105 modernaus \u010diu\u017einio formul\u0119:<\/p>\n<ul>\n<li>Termoreguliuojantis u\u017evalkalas (audinys Viscosa) komforti\u0161kam mikroklimatui \u010diu\u017einio pavir\u0161iuje sukurti<\/li>\n<li>Ortopedini\u0173 put\u0173 ELIOFORM\u00ae bespyruoklis blokas<\/li>\n<li>Anatominis med\u017eiagos MEMOFORM\u00ae sluoksnis 2 cm, \u012fsi\u016btas \u012f \u010diu\u017einio u\u017evalkal\u0105 \u2013 ma\u017eina atvirk\u0161tin\u012f spaudim\u0105, u\u017etikrina optimal\u0173 komfort\u0105 miegui<\/li>\n<li>Ortopedini\u0173 put\u0173 ELIOFORM\u00ae derinys su anatomin\u0117mis putomis MEMOFORM\u00ae u\u017etikrina ideal\u0173 stuburo fiziologini\u0173 i\u0161linkim\u0173 palaikym\u0105 (ypa\u010d juosmens dalyje), be nereikalingo kietumo<\/li>\n<li>\u010ciu\u017einio konstrukcija \u2013 skirting\u0173 med\u017eiag\u0173 kombinavimas + u\u017evalkalas su \u201egiliu siuvimu\u201c suteikia lengvo spyruokliavimo efekt\u0105<\/li>\n<li>\u010ciu\u017einio bortas i\u0161 tamsiai pilko audinio su Florencijos logotipais \u2013 skirtas naudoti \u010diu\u017ein\u012f ant lov\u0173 karkas\u0173 \u2013 ma\u017eiau tepasi ir nusitrina.<\/li>\n<\/ul>\n<p>\u010ciu\u017einio auk\u0161tis - 23 cm<\/p>\n<p>U\u017evalkalas nenuvelkamas: termoreguliuojantis audinys Viscose<\/p>\n<p>Vidinio bloko konstrukcija analogi\u0161ka Naturcomfort modeliui<\/p>\n<ol>\n<li>Anatomin\u0117s putos Memoform\u00ae 2 cm (\u012fsi\u016btos \u012f u\u017evalkal\u0105 i\u0161 vienos pus\u0117s)<\/li>\n<li>Hipoalerginis termoreguliuojantis u\u017epildas<\/li>\n<li>Izoliacinis filtruojantis audinys TNT<\/li>\n<li>Komforti\u0161ko palaikymo ortopedin\u0117s putos su anatominiu efektu Elioform\u00ae - 18 cm<\/li>\n<\/ol>\n<p>Apkrova: iki 160 kg vienai miegojimo vietai<\/p>\n<p><table id=\"table_53284491\" width=\"100%\" class=\"zebra\"><thead><tr><th>Plotis<\/th><th>Ilgis<\/th><th>Kaina, EUR<\/th><\/tr>\r\n    <\/thead>\r\n    <tbody>\r\n\t\r\n\t<script type=\"text\/javascript\" charset=\"utf-8\">\r\n jQuery(document).ready(function() {\r\n    jQuery('#table_53284491').DataTable( {\"destroy\": true,\"bPaginate\": false,\"bLengthChange\": false,\"bFilter\": false,\"bSort\": true,\"bInfo\": false,\"bStateSave\": true,\"bAutoWidth\": true,\"sPaginationType\": \"full_numbers\",\"oLanguage\": {\r\n\t\t\t\"sLengthMenu\": \"Display _MENU_ records per page\",\r\n\t\t\t\"sZeroRecords\": \"Nothing found - sorry\",\r\n\t\t\t\"sInfo\": \"Showing _START_ to _END_ of _TOTAL_ records\",\r\n\t\t\t\"sInfoEmpty\": \"Showing 0 to 0 of 0 records\",\r\n                        \"sSearch\": \"Search: \",\r\n\t\t\t\"sInfoFiltered\": \"(filtered from _MAX_ total records)\"\r\n\t\t}} );\r\n});\r\n <\/script><tr><td>90<\/td><td>190<\/td><td>475<\/td><\/tr><tr><td>120<\/td><td>190<\/td><td>633<\/td><\/tr><tr><td>140<\/td><td>190<\/td><td>738<\/td><\/tr><tr><td>160<\/td><td>190<\/td><td>844<\/td><\/tr><tr><td>80<\/td><td>200<\/td><td>444<\/td><\/tr><tr><td>90<\/td><td>200<\/td><td>500<\/td><\/tr><tr><td>120<\/td><td>200<\/td><td>666<\/td><\/tr><tr><td>140<\/td><td>200<\/td><td>777<\/td><\/tr><tr><td>160<\/td><td>200<\/td><td>888<\/td><\/tr><tr><td>180<\/td><td>200<\/td><td>999<\/td><\/tr><tr><td>200<\/td><td>200<\/td><td>1110<\/td><\/tr>\r\n    <\/tbody>\r\n<\/table>","protected":false},"excerpt":{"rendered":"<p>Komforti\u0161ko miego sistema<\/p>\n","protected":false},"featured_media":2244,"comment_status":"closed","ping_status":"closed","template":"","meta":[],"_links":{"self":[{"href":"http:\/\/magniflex.lt\/lt\/wp-json\/wp\/v2\/product\/1919"}],"collection":[{"href":"http:\/\/magniflex.lt\/lt\/wp-json\/wp\/v2\/product"}],"about":[{"href":"http:\/\/magniflex.lt\/lt\/wp-json\/wp\/v2\/types\/product"}],"replies":[{"embeddable":true,"href":"http:\/\/magniflex.lt\/lt\/wp-json\/wp\/v2\/comments?post=1919"}],"wp:featuredmedia":[{"embeddable":true,"href":"http:\/\/magniflex.lt\/lt\/wp-json\/wp\/v2\/media\/2244"}],"wp:attachment":[{"href":"http:\/\/magniflex.lt\/lt\/wp-json\/wp\/v2\/media?parent=1919"}],"curies":[{"name":"wp","href":"https:\/\/api.w.org\/{rel}","templated":true}]}}