{"id":1797,"date":"2011-07-14T19:45:29","date_gmt":"2011-07-14T19:45:29","guid":{"rendered":"http:\/\/magniflex.lt\/\/about\/"},"modified":"2017-10-10T16:26:24","modified_gmt":"2017-10-10T16:26:24","slug":"about","status":"publish","type":"page","link":"http:\/\/magniflex.lt\/lt\/about\/","title":{"rendered":"About"},"content":{"rendered":"<div class=\"row \">\n<div class=\"span4 \"><div class=\"about_wrapper\"><div class=\"about_wrapper_wrap_inner\">\n<h2>Magniflex<\/h2>\n<p><img loading=\"lazy\" class=\"alignnone wp-image-2313 size-medium\" src=\"http:\/\/magniflex.lt\/wp-content\/uploads\/2011\/07\/magni-300x285.jpg\" width=\"300\" height=\"285\" srcset=\"http:\/\/magniflex.lt\/wp-content\/uploads\/2011\/07\/magni-300x285.jpg 300w, http:\/\/magniflex.lt\/wp-content\/uploads\/2011\/07\/magni.jpg 463w\" sizes=\"(max-width: 300px) 100vw, 300px\" \/><\/p>\n<div class=\"extra-wrap\">\n<h3><strong>Miego menas, gim\u0119s Italijoje<\/strong><\/h3>\n<p>Toskanos, vieno romanti\u0161kiausi\u0173 ir ramiausi\u0173 Italijos kampeli\u0173, \u0161irdyje prasideda bendrov\u0117s Magniflex suk\u016brimo istorija \u2013 pirmaujan\u010dios pasaulin\u0117s komforti\u0161k\u0173 \u010diu\u017eini\u0173 gamintojos. \u0160i istorija prasid\u0117jo daugiau nei prie\u0161 pus\u0119 am\u017eiaus, kai D\u017eilianas Mani savo nam\u0173 dirbtuv\u0117se pagamino savo pirm\u0105j\u012f \u010diu\u017ein\u012f.<\/p>\n<p>Nuo to laiko pra\u0117jo 50 met\u0173, ir d\u0117l moderni\u0173 technologij\u0173, inovacini\u0173 med\u017eiag\u0173, gili\u0173 tyrim\u0173 patogaus miego srityje Magniflex tapo \u010diu\u017eini\u0173 bei preki\u0173 miegui ir poilsiui gamybos pasauline lydere.<\/p>\n<p>Daugiau nei 80 mln. \u017emoni\u0173 70 pasaulio valstybi\u0173 patik\u0117jo savo mieg\u0105 \u010diu\u017einiams Magniflex.<br \/>\n<\/div>\n<div class=\"spacer\"><\/div><!-- .spacer (end) -->\n<\/div><\/div><\/div>\n<div class=\"span8 \"><div class=\"history_wrapper\"><div class=\"history_wrapper_wrap_inner\">\n<h2>Kod\u0117l mes renkam\u0117s Magniflex:<\/h2>\n<div class=\"list styled angle-list\">\n<ul>\n<li>50 met\u0173 patirties kuriant patogius \u010diu\u017einius<\/li>\n<li>70 pasaulio \u0161ali\u0173 pasirinko Magniflex<\/li>\n<li>Pilno ciklo gamybos fabrikas<\/li>\n<li>100% dizainas ir gamyba Italijoje<\/li>\n<li>Kokyb\u0117s kontrol\u0117 visuose gamybos etapuose<\/li>\n<li>Europos ir pasaulio laboratorij\u0173 sertifikacija<\/li>\n<li>Bendradarbiavimas su medicinos ir komforti\u0161ko miego srities specialistais<\/li>\n<li>Tarptautiniai kokyb\u0117s ir ekologini\u0173 norm\u0173 standartai<\/li>\n<li>\u010ciu\u017einys Magniflex \u2013 patogaus miego sistema bei r\u016bpestis sveikata ir gerove<\/li>\n<li>Trys komforto sistemos lygiai nepriklausomai nuo \u017emogaus am\u017eiaus, svorio ir \u016bgio<\/li>\n<li>Rekomenduota naudoti gydymo \u012fstaigose<\/li>\n<li>\u010ciu\u017einys gali u\u017etikrinti ortopedin\u012f ir anatomin\u012f efekt\u0105<\/li>\n<li>Med\u017eiag\u0173 didelis atsparumas praspaudimui ir deformacijai<\/li>\n<li>\u010ciu\u017einio vakuumin\u0117 pakuot\u0117<\/li>\n<\/ul>\n<\/div>\n<div class=\"spacer\"><\/div><!-- .spacer (end) -->\n<\/div><\/div><\/div>\n<p>&nbsp;<\/p>\n<\/div><!-- .row (end) -->\n<div class=\"team_wrapper\"><div class=\"team_wrapper_wrap_inner\">\n<section class=\"parallax-box image-parallax-box \" ><div class=\"parallax-content\">\n<div class=\"row \">\n<div class=\"span4 \"><h2>APIE MUS:<\/h2>\n<div class=\"spacer\"><\/div><!-- .spacer (end) --><\/div>\n<div class=\"span8 \"><p>Bendrov\u0117 Alessanderx Spa, kuriai priklauso MAGNIFLEX prek\u0117s \u017eenklas ir \u010diu\u017eini\u0173 fabrikas, buvo \u012fkurta 1962 m. Gamybiniai paj\u0117gumai yra Italijoje: Toskanos regionas, Prato miestas (antras pagal dyd\u012f regiono miestas po Florencijos), adresu: 59100 Prato, Via San Leonardo da Porto Maurizio 24\/26\/28<\/p>\n<p>Tel +39 057451011 Fax +39 0574 5101.235. http:\/\/www.magniflex.com<\/p>\n<p>Fabriko gamybiniai paj\u0117gumai leid\u017eia gaminti iki 10 000 \u010diu\u017eini\u0173 per dien\u0105. MAGNIFLEX turi daugiau nei 50 met\u0173 preki\u0173 miegui ir poilsiui gamybos patirt\u012f. Firminiai MAGNIFLEX salonai \u012fsik\u016br\u0119 \u012fvairiose pasaulio vietose: Vakar\u0173 ir Ryt\u0173 Europoje, JAV, Kanadoje, Indijoje, Japonijoje, Kinijoje, Australijoje, JAE, Izraelyje.<\/p>\n<p>\u012evairioms \u0161alims fabrikas gamina tokias \u010diu\u017eini\u0173 linijas:<br \/>\nMagniflex \u2013 premium linija<br \/>\nPiere Cardin,Tonino Lamborghini \u2013 fashion linija<br \/>\nGeoethic Naturally \u2013 eko linija<br \/>\nDormir, Relaxsan \u2013 standart linija<\/p>\n<div class=\"spacer\"><\/div><!-- .spacer (end) --><\/div>\n<\/div><!-- .row (end) -->\n<div class=\"clear\"><\/div><\/div><div class=\"parallax-bg\" data-parallax-type=\"image\" data-img-url=\"http:\/\/magniflex.lt\/wp-content\/uploads\/2016\/12\/bg_pic55.jpg\" data-speed=\"normal\" data-invert=\"false\" data-fullwidth=\"true\"><\/div><\/section>\n<\/div><\/div>\n<div class=\"advantages_wrapper\"><div class=\"advantages_wrapper_wrap_inner\">\n<div class=\"row \">\n<div class=\"span4 \"><h2>M\u016aS\u0172 ETIKA:<\/h2>\n<p>Saugumas \u017emogaus sveikatai ir ekologi\u0161kos med\u017eiagos \u2013 svarbiausi etikos principai. Renkantis med\u017eiagas naudojamos modernios technologijos ir inovacijos ekologijos srityje, kurios u\u017etikrina maksimali\u0105 \u017emogaus sveikatos ir aplinkos apsaug\u0105. Visos naudojamos med\u017eiagos labai grie\u017etai tikrinamos ir yra standartizuojamos pagal saugos parametrus.<br \/>\n<div class=\"spacer\"><\/div><!-- .spacer (end) --><\/div>\n<div class=\"span8 \"><h2>POILSIO FILOSOFIJA:<\/h2>\n<p>MAGNIFLEX pirm\u0105 kart\u0105 i\u0161gvildeno ir pritaik\u0117 pagrindines \u0161iuolaikinio miego sud\u0117tines dalis:<br \/>\n1. Sveikata<br \/>\n2. Saugumas<br \/>\n3. Komfortas<br \/>\n4. Kokyb\u0117<br \/>\n5. Ekologi\u0161kumas<br \/>\nNuolatiniai miego kult\u016bros tyrimai bei moderni\u0173 metod\u0173 ir med\u017eiag\u0173 poilsiui naudojimas leid\u017eia mums kurti ne paprastus \u010diu\u017einius, o PATOGAUS MIEGO SISTEMAS. PATOGAUS MIEGO SISTEMA \u2013tai ortopedinis stuburo palaikymas ir anatominis efektas, med\u017eiag\u0173 termoreguliacijos funkcija ir auk\u0161tas komforto lygis. <\/p>\n<div class=\"spacer\"><\/div><!-- .spacer (end) --><\/div>\n<\/div><!-- .row (end) -->\n<\/div><\/div>","protected":false},"excerpt":{"rendered":"","protected":false},"author":1,"featured_media":0,"parent":0,"menu_order":1,"comment_status":"open","ping_status":"open","template":"page-fullwidth.php","meta":[],"_links":{"self":[{"href":"http:\/\/magniflex.lt\/lt\/wp-json\/wp\/v2\/pages\/1797"}],"collection":[{"href":"http:\/\/magniflex.lt\/lt\/wp-json\/wp\/v2\/pages"}],"about":[{"href":"http:\/\/magniflex.lt\/lt\/wp-json\/wp\/v2\/types\/page"}],"author":[{"embeddable":true,"href":"http:\/\/magniflex.lt\/lt\/wp-json\/wp\/v2\/users\/1"}],"replies":[{"embeddable":true,"href":"http:\/\/magniflex.lt\/lt\/wp-json\/wp\/v2\/comments?post=1797"}],"version-history":[{"count":15,"href":"http:\/\/magniflex.lt\/lt\/wp-json\/wp\/v2\/pages\/1797\/revisions"}],"predecessor-version":[{"id":2442,"href":"http:\/\/magniflex.lt\/lt\/wp-json\/wp\/v2\/pages\/1797\/revisions\/2442"}],"wp:attachment":[{"href":"http:\/\/magniflex.lt\/lt\/wp-json\/wp\/v2\/media?parent=1797"}],"curies":[{"name":"wp","href":"https:\/\/api.w.org\/{rel}","templated":true}]}}